{"id":70,"date":"2013-09-25T07:18:09","date_gmt":"2013-09-25T06:18:09","guid":{"rendered":"https:\/\/drpillman.biz\/?page_id=70"},"modified":"2024-05-17T13:08:26","modified_gmt":"2024-05-17T12:08:26","slug":"ciprofloxacin","status":"publish","type":"page","link":"https:\/\/drpillman.biz\/fr\/ciprofloxacin.htm","title":{"rendered":"Ciprofloxacine"},"content":{"rendered":"<div id=\"content-center\">\n<div id=\"content-image\">\n\t\t\t\t\t<img decoding=\"async\" src=\"\/img\/Ciprofloxacin.jpg\" alt=\"Ciprofloxacine\">\t\t\t\t<\/div>\n<div id=\"content-description\">\n<h1>Ciprofloxacine<\/h1>\n<p> <code><a href=\"https:\/\/200pills.com\/search.html?lang=fr&#038;cur=EUR&#038;key=Ciprofloxacin\"> <button class=\"button-7\" role=\"button\">Cliquez ici pour acheter<\/button><\/a><\/code> <\/p>\n<div class=\"gray\"><\/div>\n<div class=\"clear\"><\/div>\n<div id=\"description\">\n\t\t\t\t\t\tLa ciprofloxacine est un antibiotique g\u00e9n\u00e9ral utilis\u00e9 pour soigner les infections respiratoires, gastro-intestinales, urinaires et abdominales. La ciprofloxacine est un antibiotique de la famille des fluroquinolones qui combat un large \u00e9ventail d&#8217;agents pathog\u00e8nes bact\u00e9riens tels que Escherichia coli, Klebsiela pneumonia, Moraxella catarrhalis et Streptococcus aureus, entre autres. Ces bact\u00e9ries sont responsables de maladies courantes telles que les maladies respiratoires, les infections des voies urinaires et diverses infections abdominales. Elle est utilis\u00e9e seule ou en association avec d&#8217;autres agents et m\u00e9dicaments antibact\u00e9riens pour traiter des maladies courantes. La ciprofloxacine est l&#8217;un des antibiotiques les plus populaires actuellement disponibles sur le march\u00e9, avec 20 millions de patients recevant des abonnements pour ce m\u00e9dicament dans le monde entier.\t\t\t\t\t<\/div>\n<div id=\"additional\">\n\t\t\t\t\t\tSynonymes :<span> Cipro<\/span>\n\t\t\t\t\t<\/div>\n<\/p><\/div>\n<div class=\"clear\"><\/div>\n<h2>M\u00e9canisme d&#8217;action<\/h2>\n<p>Le m\u00e9dicament tue les bact\u00e9ries apr\u00e8s avoir interf\u00e9r\u00e9 avec les enzymes qui permettent \u00e0 l&#8217;ADN de se r\u00e9enrouler. Apr\u00e8s la copie de l&#8217;ADN, le m\u00e9dicament arr\u00eate sa synth\u00e8se et celle des prot\u00e9ines. La ciprofloxacine a \u00e9t\u00e9 invent\u00e9e en 1983 par Bayer A.G. et a \u00e9t\u00e9 approuv\u00e9e en 1987 pour un usage g\u00e9n\u00e9ral.<\/p>\n<h2>Utilisations m\u00e9dicales<\/h2>\n<p>La ciprofloxacine est un antibiotique cl\u00e9 pour la gu\u00e9rison d&#8217;un grand nombre d&#8217;infections, de maladies et d&#8217;autres sympt\u00f4mes. Il s&#8217;agit notamment de l&#8217;endocardite, des infections osseuses, de l&#8217;otite maligne, de la cellulite, de la prostatite, de l&#8217;anthrax et de la cystite. Les autres maladies trait\u00e9es \u00e0 l&#8217;aide de ce m\u00e9dicament sont diverses formes de diarrh\u00e9e infectieuse, la fi\u00e8vre typho\u00efde, la sinusite aigu\u00eb et les infections des voies respiratoires inf\u00e9rieures. Le traitement de la gonorrh\u00e9e ur\u00e9trale est limit\u00e9 \u00e0 certaines parties du monde, en raison de la r\u00e9sistance bact\u00e9rienne locale (la ciprofloxacine n&#8217;est pas efficace pour gu\u00e9rir la gonorrh\u00e9e dans des r\u00e9gions telles que l&#8217;Am\u00e9rique du Nord, l&#8217;Asie de l&#8217;Est et l&#8217;\u00c9cosse).<\/p>\n<p>La ciprofloxacine n&#8217;est pas utilis\u00e9e dans le traitement de la pneumonie communautaire en raison de la r\u00e9sistance bact\u00e9rienne de Streptococcus pneumoniae. La liste compl\u00e8te des utilisations du m\u00e9dicament varie en fonction de certains organismes de r\u00e9glementation dans le monde.<\/p>\n<h2>Interactions<\/h2>\n<p>Le m\u00e9dicament peut interagir avec d&#8217;autres m\u00e9dicaments et suppl\u00e9ments \u00e0 base de plantes, comme d&#8217;autres antibiotiques, tels que l&#8217;amoxicilline, la c\u00e9phalexim ou la doxycycline. L&#8217;administration de la ciprofloxacine avec des suppl\u00e9ments min\u00e9raux tels que le magn\u00e9sium, le sucralfate, le fer, le zinc, le calcium ou l&#8217;aluminium r\u00e9duira le taux d&#8217;absorption du m\u00e9dicament.<\/p>\n<h2>Surdosage<\/h2>\n<p>Un surdosage en ciprofloxacine peut entra\u00eener une toxicit\u00e9 r\u00e9nale. Le traitement du surdosage consiste \u00e0 provoquer des vomissements et \u00e0 effectuer un lavage gastrique. Dans les cas graves, l&#8217;h\u00e9modialyse peut \u00eatre utilis\u00e9e, mais cette technique n&#8217;\u00e9limine qu&#8217;environ 10 % de l&#8217;antibiotique de l&#8217;organisme.<\/p>\n<h2>Effets secondaires<\/h2>\n<p>En g\u00e9n\u00e9ral, les effets secondaires sont similaires \u00e0 ceux des autres antibiotiques disponibles sur le march\u00e9. Les r\u00e9actions sont g\u00e9n\u00e9ralement l\u00e9g\u00e8res \u00e0 mod\u00e9r\u00e9es, tandis que des effets secondaires sp\u00e9ciaux ou graves se produisent rarement. Dans une \u00e9tude portant sur un total de 49 038 patients, un petit nombre de patients a pr\u00e9sent\u00e9 des effets ind\u00e9sirables. Les sympt\u00f4mes sont g\u00e9n\u00e9ralement b\u00e9nins et l\u00e9gers en termes de gravit\u00e9 et la plupart d&#8217;entre eux ne n\u00e9cessitent pas de soins particuliers. Le m\u00e9dicament n&#8217;a \u00e9t\u00e9 interrompu que pour moins de 1% des patients en raison d&#8217;effets secondaires. Certains des sympt\u00f4mes pr\u00e9sent\u00e9s par les patients apr\u00e8s l&#8217;utilisation de la ciprofloxacine sont des naus\u00e9es, des vomissements, des \u00e9ruptions cutan\u00e9es et des diarrh\u00e9es. Une attention particuli\u00e8re doit \u00eatre accord\u00e9e aux ruptures spontan\u00e9es des tendons ou \u00e0 la fatigue et \u00e0 la faiblesse musculaires, qui peuvent \u00eatre des effets secondaires courants.<\/p>\n<h2>Pourquoi acheter de la ciprofloxacine en ligne ?<\/h2>\n<p>La ciprofloxacine est disponible en ligne sous forme de comprim\u00e9s, de solutions intraveineuses et de gouttes pour les yeux et les oreilles. L&#8217;achat de Ciprofloxacine en ligne permet d&#8217;obtenir des prix plus bas et des d\u00e9lais de traitement plus courts. En ligne, vous trouverez une large s\u00e9lection d&#8217;antibiotiques, y compris la Ciprofloxacine 500 mg sous forme de comprim\u00e9s et de solution intraveineuse.<\/p>\n<\/p><\/div>\n<h2>La disponibilit\u00e9 de Ciprofloxacine sans ordonnance en France<\/h2>\n<p>Il est crucial de se demander si l&#8217;achat de Ciprofloxacine sans ordonnance est envisageable en France. Cette question peut sembler \u00e9pineuse \u00e0 premi\u00e8re vue, mais elle suscite un int\u00e9r\u00eat grandissant. La Ciprofloxacine, un antibiotique de la classe des fluoroquinolones, est souvent prescrite pour traiter diverses infections bact\u00e9riennes. Cependant, son accessibilit\u00e9 sans ordonnance soul\u00e8ve des interrogations l\u00e9gitimes quant \u00e0 la gestion des soins de sant\u00e9 et \u00e0 la pr\u00e9vention de l&#8217;autom\u00e9dication.L&#8217;obtention de Ciprofloxacine sans ordonnance pourrait sembler pratique pour certains, mais cela comporte des risques consid\u00e9rables. La n\u00e9cessit\u00e9 d&#8217;une consultation m\u00e9dicale pr\u00e9alable est fondamentale pour garantir un usage appropri\u00e9 de ce m\u00e9dicament. En effet, l&#8217;autodiagnostic et l&#8217;autotraitement peuvent conduire \u00e0 des complications graves, notamment la r\u00e9sistance aux antibiotiques et des effets ind\u00e9sirables impr\u00e9vus.En France, la r\u00e9glementation entourant la d\u00e9livrance des m\u00e9dicaments est rigoureuse, et \u00e0 juste titre. L&#8217;absence dA network error occurred. Please check your connection and try again. If this issue persists please contact us through our help center at help.openai.com.<\/p>\n","protected":false},"excerpt":{"rendered":"<p>Ciprofloxacine Cliquez ici pour acheter La ciprofloxacine est un antibiotique g\u00e9n\u00e9ral utilis\u00e9 pour soigner les infections respiratoires, gastro-intestinales, urinaires et<\/p>\n","protected":false},"author":3,"featured_media":0,"parent":0,"menu_order":0,"comment_status":"closed","ping_status":"closed","template":"","meta":{"_lmt_disableupdate":"no","_lmt_disable":"no","footnotes":""},"class_list":["post-70","page","type-page","status-publish","hentry"],"translation":{"provider":"WPGlobus","version":"3.0.2","language":"fr","enabled_languages":["en","es","fr"],"languages":{"en":{"title":true,"content":true,"excerpt":false},"es":{"title":true,"content":true,"excerpt":false},"fr":{"title":true,"content":true,"excerpt":false}}},"yoast_head":"<!-- This site is optimized with the Yoast SEO plugin v27.4 - https:\/\/yoast.com\/product\/yoast-seo-wordpress\/ -->\n<title>Acheter Ciprofloxacine 250, 500, 750 et 1000 mg en ligne sans ordonnance en France<\/title>\n<meta name=\"description\" content=\"La ciprofloxacine est un antibiotique de fluoroquinolone. Vous pouvez acheter de la ciprofloxacine 500 mg pour traiter un large \u00e9ventail d&#039;infections bact\u00e9riennes qui peuvent provoquer les sympt\u00f4mes d\u00e9sagr\u00e9ables.\" \/>\n<meta name=\"robots\" content=\"index, follow, max-snippet:-1, max-image-preview:large, max-video-preview:-1\" \/>\n<link rel=\"canonical\" href=\"https:\/\/drpillman.biz\/ciprofloxacin.htm\" \/>\n<meta property=\"og:locale\" content=\"fr_FR\" \/>\n<meta property=\"og:type\" content=\"article\" \/>\n<meta property=\"og:title\" content=\"Acheter Ciprofloxacine 250, 500, 750 et 1000 mg en ligne sans ordonnance en France\" \/>\n<meta property=\"og:description\" content=\"La ciprofloxacine est un antibiotique de fluoroquinolone. Vous pouvez acheter de la ciprofloxacine 500 mg pour traiter un large \u00e9ventail d&#039;infections bact\u00e9riennes qui peuvent provoquer les sympt\u00f4mes d\u00e9sagr\u00e9ables.\" \/>\n<meta property=\"og:url\" content=\"https:\/\/drpillman.biz\/ciprofloxacin.htm\" \/>\n<meta property=\"og:site_name\" content=\"Dr.Pillman\" \/>\n<meta property=\"article:modified_time\" content=\"2024-05-17T12:08:26+00:00\" \/>\n<meta name=\"twitter:card\" content=\"summary_large_image\" \/>\n<script type=\"application\/ld+json\" class=\"yoast-schema-graph\">{\"@context\":\"https:\\\/\\\/schema.org\",\"@graph\":[{\"@type\":\"WebPage\",\"@id\":\"https:\\\/\\\/drpillman.biz\\\/ciprofloxacin.htm\",\"url\":\"https:\\\/\\\/drpillman.biz\\\/ciprofloxacin.htm\",\"name\":\"Buy Ciprofloxacin 500 mg online now! - The general antibiotic\",\"isPartOf\":{\"@id\":\"https:\\\/\\\/drpillman.biz\\\/fr\\\/#website\"},\"datePublished\":\"2013-09-25T06:18:09+00:00\",\"dateModified\":\"2024-05-17T12:08:26+00:00\",\"description\":\"La ciprofloxacine est un antibiotique de fluoroquinolone. Vous pouvez acheter de la ciprofloxacine 500 mg pour traiter un large \u00e9ventail d'infections bact\u00e9riennes qui peuvent provoquer les sympt\u00f4mes d\u00e9sagr\u00e9ables.\",\"breadcrumb\":{\"@id\":\"https:\\\/\\\/drpillman.biz\\\/ciprofloxacin.htm#breadcrumb\"},\"inLanguage\":\"fr-FR\",\"potentialAction\":[{\"@type\":\"ReadAction\",\"target\":[\"https:\\\/\\\/drpillman.biz\\\/ciprofloxacin.htm\"]}]},{\"@type\":\"BreadcrumbList\",\"@id\":\"https:\\\/\\\/drpillman.biz\\\/ciprofloxacin.htm#breadcrumb\",\"itemListElement\":[{\"@type\":\"ListItem\",\"position\":1,\"name\":\"Home\",\"item\":\"https:\\\/\\\/drpillman.biz\\\/fr\\\/\"},{\"@type\":\"ListItem\",\"position\":2,\"name\":\"Ciprofloxacin\"}]},{\"@type\":\"WebSite\",\"@id\":\"https:\\\/\\\/drpillman.biz\\\/fr\\\/#website\",\"url\":\"https:\\\/\\\/drpillman.biz\\\/fr\\\/\",\"name\":\"Dr.Pillman\",\"description\":\"\",\"potentialAction\":[{\"@type\":\"SearchAction\",\"target\":{\"@type\":\"EntryPoint\",\"urlTemplate\":\"https:\\\/\\\/drpillman.biz\\\/fr\\\/?s={search_term_string}\"},\"query-input\":{\"@type\":\"PropertyValueSpecification\",\"valueRequired\":true,\"valueName\":\"search_term_string\"}}],\"inLanguage\":\"fr-FR\"}]}<\/script>\n<!-- \/ Yoast SEO plugin. -->","yoast_head_json":{"title":"Acheter Ciprofloxacine 250, 500, 750 et 1000 mg en ligne sans ordonnance en France","description":"La ciprofloxacine est un antibiotique de fluoroquinolone. Vous pouvez acheter de la ciprofloxacine 500 mg pour traiter un large \u00e9ventail d'infections bact\u00e9riennes qui peuvent provoquer les sympt\u00f4mes d\u00e9sagr\u00e9ables.","robots":{"index":"index","follow":"follow","max-snippet":"max-snippet:-1","max-image-preview":"max-image-preview:large","max-video-preview":"max-video-preview:-1"},"canonical":"https:\/\/drpillman.biz\/ciprofloxacin.htm","og_locale":"fr_FR","og_type":"article","og_title":"Acheter Ciprofloxacine 250, 500, 750 et 1000 mg en ligne sans ordonnance en France","og_description":"La ciprofloxacine est un antibiotique de fluoroquinolone. Vous pouvez acheter de la ciprofloxacine 500 mg pour traiter un large \u00e9ventail d'infections bact\u00e9riennes qui peuvent provoquer les sympt\u00f4mes d\u00e9sagr\u00e9ables.","og_url":"https:\/\/drpillman.biz\/ciprofloxacin.htm","og_site_name":"Dr.Pillman","article_modified_time":"2024-05-17T12:08:26+00:00","twitter_card":"summary_large_image","schema":{"@context":"https:\/\/schema.org","@graph":[{"@type":"WebPage","@id":"https:\/\/drpillman.biz\/ciprofloxacin.htm","url":"https:\/\/drpillman.biz\/ciprofloxacin.htm","name":"Buy Ciprofloxacin 500 mg online now! - The general antibiotic","isPartOf":{"@id":"https:\/\/drpillman.biz\/fr\/#website"},"datePublished":"2013-09-25T06:18:09+00:00","dateModified":"2024-05-17T12:08:26+00:00","description":"La ciprofloxacine est un antibiotique de fluoroquinolone. Vous pouvez acheter de la ciprofloxacine 500 mg pour traiter un large \u00e9ventail d'infections bact\u00e9riennes qui peuvent provoquer les sympt\u00f4mes d\u00e9sagr\u00e9ables.","breadcrumb":{"@id":"https:\/\/drpillman.biz\/ciprofloxacin.htm#breadcrumb"},"inLanguage":"fr-FR","potentialAction":[{"@type":"ReadAction","target":["https:\/\/drpillman.biz\/ciprofloxacin.htm"]}]},{"@type":"BreadcrumbList","@id":"https:\/\/drpillman.biz\/ciprofloxacin.htm#breadcrumb","itemListElement":[{"@type":"ListItem","position":1,"name":"Home","item":"https:\/\/drpillman.biz\/fr\/"},{"@type":"ListItem","position":2,"name":"Ciprofloxacin"}]},{"@type":"WebSite","@id":"https:\/\/drpillman.biz\/fr\/#website","url":"https:\/\/drpillman.biz\/fr\/","name":"Dr.Pillman","description":"","potentialAction":[{"@type":"SearchAction","target":{"@type":"EntryPoint","urlTemplate":"https:\/\/drpillman.biz\/fr\/?s={search_term_string}"},"query-input":{"@type":"PropertyValueSpecification","valueRequired":true,"valueName":"search_term_string"}}],"inLanguage":"fr-FR"}]}},"_links":{"self":[{"href":"https:\/\/drpillman.biz\/fr\/wp-json\/wp\/v2\/pages\/70","targetHints":{"allow":["GET"]}}],"collection":[{"href":"https:\/\/drpillman.biz\/fr\/wp-json\/wp\/v2\/pages"}],"about":[{"href":"https:\/\/drpillman.biz\/fr\/wp-json\/wp\/v2\/types\/page"}],"author":[{"embeddable":true,"href":"https:\/\/drpillman.biz\/fr\/wp-json\/wp\/v2\/users\/3"}],"replies":[{"embeddable":true,"href":"https:\/\/drpillman.biz\/fr\/wp-json\/wp\/v2\/comments?post=70"}],"version-history":[{"count":0,"href":"https:\/\/drpillman.biz\/fr\/wp-json\/wp\/v2\/pages\/70\/revisions"}],"wp:attachment":[{"href":"https:\/\/drpillman.biz\/fr\/wp-json\/wp\/v2\/media?parent=70"}],"curies":[{"name":"wp","href":"https:\/\/api.w.org\/{rel}","templated":true}]}}