{"id":73,"date":"2013-08-09T04:56:29","date_gmt":"2013-08-09T03:56:29","guid":{"rendered":"https:\/\/drpillman.biz\/?page_id=73"},"modified":"2024-05-21T10:33:57","modified_gmt":"2024-05-21T09:33:57","slug":"citalopram","status":"publish","type":"page","link":"https:\/\/drpillman.biz\/fr\/citalopram.htm","title":{"rendered":"Citalopram"},"content":{"rendered":"<div id=\"content-center\">\n<div id=\"content-image\">\n\t\t\t\t\t<img decoding=\"async\" src=\"\/img\/Citalopram.jpg\" alt=\"Citalopram\">\t\t\t\t<\/div>\n<div id=\"content-description\">\n<h1>Citalopram<\/h1>\n<p> <code><a href=\"https:\/\/200pills.com\/search.html?lang=fr&#038;cur=EUR&#038;key=Citalopram\"> <button class=\"button-7\" role=\"button\">Cliquez ici pour acheter<\/button><\/a><\/code> <\/p>\n<div class=\"gray\"><\/div>\n<div class=\"clear\"><\/div>\n<div id=\"description\">\n\t\t\t\t\t\tLe citalopram est un m\u00e9dicament r\u00e9volutionnaire pour le traitement des troubles d\u00e9pressifs chez l&#8217;adulte. Cet antid\u00e9presseur peut prendre un certain nombre de semaines avant d&#8217;agir, mais il s&#8217;est av\u00e9r\u00e9 efficace et s\u00fbr pour le patient. Dans de rares cas, le citalopram peut \u00eatre utilis\u00e9 pour traiter l&#8217;anxi\u00e9t\u00e9 et la neuropathie diab\u00e9tique.\t\t\t\t\t<\/div>\n<div id=\"additional\">\n\t\t\t\t\t\tSynonymes :<span> Celexa<\/span>\n\t\t\t\t\t<\/div>\n<\/p><\/div>\n<div class=\"clear\"><\/div>\n<p>Apr\u00e8s l&#8217;arr\u00eat du citalopram, une d\u00e9pression peut appara\u00eetre bri\u00e8vement avant de dispara\u00eetre compl\u00e8tement. Le citalopram peut \u00e9galement aider \u00e0 traiter les d\u00e9pressions li\u00e9es \u00e0 des complications mentales telles que la psychose maniaco-d\u00e9pressive. Le m\u00e9dicament est utilis\u00e9 pour g\u00e9rer la d\u00e9pression au stade d\u00e9pressif. Les propri\u00e9t\u00e9s du m\u00e9dicament sont ind\u00e9pendantes de la nourriture ; le patient peut donc prendre le m\u00e9dicament \u00e0 tout moment.<\/p>\n<h2>Dosage<\/h2>\n<p>La dose type de citalopram est de 20 mg. De nombreux sympt\u00f4mes sont trait\u00e9s d&#8217;embl\u00e9e avec cette premi\u00e8re dose. Par cons\u00e9quent, les effets complets ne sont \u00e9vidents qu&#8217;apr\u00e8s une ou deux semaines d&#8217;utilisation. La totalit\u00e9 de la dose r\u00e9guli\u00e8re de Citalopram doit \u00eatre prise en m\u00eame temps. Bien qu&#8217;il n&#8217;y ait pas de risque d&#8217;accoutumance \u00e0 ce m\u00e9dicament, l&#8217;arr\u00eat du citalopram doit se faire progressivement &#8211; en r\u00e9duisant peu \u00e0 peu la quantit\u00e9.<\/p>\n<h2>Quels sont les effets secondaires probables du citalopram ?<\/h2>\n<p>Contrairement \u00e0 d&#8217;autres antid\u00e9presseurs, le citalopram agit sur une seule substance du cerveau humain : la s\u00e9rotonine. C&#8217;est pourquoi les utilisateurs ne souffrent pas de somnolence apr\u00e8s avoir pris le m\u00e9dicament. En outre, le citalopram ne cr\u00e9e pas d&#8217;accoutumance, de sorte que les utilisateurs n&#8217;ont pas \u00e0 s&#8217;inqui\u00e9ter de la d\u00e9pendance, qui est fr\u00e9quente avec d&#8217;autres antid\u00e9presseurs. Comme indiqu\u00e9 pr\u00e9c\u00e9demment, le citalopram a des effets antid\u00e9presseurs. Lors de l&#8217;achat de Citalopram, les m\u00e9decins britanniques en ligne vous informeront sur les effets secondaires probables du Citalopram. N\u00e9anmoins, chaque client doit conna\u00eetre tous les effets secondaires probables avant de passer sa commande en ligne.<\/p>\n<p>Quelques effets secondaires mod\u00e9r\u00e9s du citalopram ont \u00e9t\u00e9 signal\u00e9s : prise de poids, perte de poids, naus\u00e9es, insomnie, somnolence, r\u00eaves intenses et mictions intermittentes. Les utilisations les moins courantes sont l&#8217;anxi\u00e9t\u00e9, les vertiges, les maux de t\u00eate et les variations de la tension art\u00e9rielle. Il n&#8217;y a pas lieu de s&#8217;inqui\u00e9ter si des effets secondaires apparaissent apr\u00e8s l&#8217;utilisation du m\u00e9dicament, car ils disparaissent presque imm\u00e9diatement. Toutefois, en cas d&#8217;effets secondaires graves, n&#8217;oubliez pas de contacter votre m\u00e9decin.<\/p>\n<h2>Pourquoi acheter Citalopram en ligne<\/h2>\n<p>L&#8217;achat de Citalopram en ligne permet d&#8217;\u00e9conomiser de l&#8217;argent et d&#8217;obtenir un m\u00e9dicament de la meilleure qualit\u00e9. Si vous souhaitez poser des questions concernant vos m\u00e9dicaments, il existe des m\u00e9decins en ligne agr\u00e9\u00e9s qui vous permettent de les consulter depuis le confort de votre salon. Lorsque vous achetez Citalopram en ligne pour le traitement de la d\u00e9pression, vous obtenez des conseils et des informations fiables sur le produit ainsi que des sources d&#8217;autres informations concernant vos m\u00e9dicaments et votre \u00e9tat de sant\u00e9. Acheter le traitement de la d\u00e9pression Citalopram aupr\u00e8s d&#8217;une pharmacie en ligne britannique agr\u00e9\u00e9e vous donne l&#8217;occasion d&#8217;obtenir des m\u00e9dicaments bon march\u00e9 et de qualit\u00e9 pour vous ou votre proche imm\u00e9diatement.<\/p>\n<p>Pour acheter ce m\u00e9dicament sans ordonnance, les patients doivent au pr\u00e9alable se soumettre \u00e0 une \u00e9valuation approfondie de la part du m\u00e9decin en ligne accr\u00e9dit\u00e9. Acheter du Citalopram est maintenant facile, car les pharmacies en ligne vous offrent la possibilit\u00e9 de passer une commande d&#8217;un simple clic de souris, tout en profitant d&#8217;un environnement d&#8217;achat s\u00fbr et pratique et de l&#8217;assurance de la confidentialit\u00e9 dont vous avez besoin \u00e0 tout moment.<\/p>\n<\/p><\/div>\n<h2>Lib\u00e9rer le Citalopram: Sans Ordonnance, une Voie Controvers\u00e9e<\/h2>\n<p>Dans le domaine de la pharmacie, un sujet br\u00fblant de controverse est la disponibilit\u00e9 du Citalopram sans ordonnance en France. Cette question soul\u00e8ve une myriade d&#8217;\u00e9motions et de d\u00e9bats, car elle touche \u00e0 la fois \u00e0 la sant\u00e9 mentale des individus et \u00e0 la r\u00e9glementation m\u00e9dicale. Alors, est-il possible d&#8217;acheter du Citalopram sans ordonnance en France ? La r\u00e9ponse est nuanc\u00e9e et complexe, engendrant une perplexit\u00e9 consid\u00e9rable parmi les professionnels de la sant\u00e9 et le grand public.Le Citalopram, un antid\u00e9presseur de la classe des inhibiteurs s\u00e9lectifs de la recapture de la s\u00e9rotonine (ISRS), est largement prescrit pour traiter les troubles de l&#8217;humeur tels que la d\u00e9pression majeure et les troubles anxieux. Son efficacit\u00e9 et sa s\u00e9curit\u00e9 d&#8217;emploi en font un pilier dans le traitement des troubles psychiatriques. Cependant, la question de sa disponibilit\u00e9 sans ordonnance soul\u00e8ve des pr\u00e9occupations quant \u00e0 son utilisation inappropri\u00e9e, \u00e0 l&#8217;autom\u00e9dication et \u00e0 la s\u00e9curit\u00e9 des patients.D&#8217;un c\u00f4t\u00e9, certains soutiennent que rendre le Citalopram disponible sans ordonnance permettrait un acc\u00e8s plus facile aux personnes souffrant de troubles mentaux qui h\u00e9sitent \u00e0 consulter un m\u00e9decin. Cela pourrait potentiellement r\u00e9duire les barri\u00e8res \u00e0 l&#8217;acc\u00e8s aux soins de sant\u00e9 mentale et pr\u00e9venir les complications li\u00e9es \u00e0 des traitements non m\u00e9dicaux ou \u00e0 l&#8217;absence de traitement. Cependant, cette approche suscite des inqui\u00e9tudes quant \u00e0 la surveillance m\u00e9dicale n\u00e9cessaire pour assurer un usage appropri\u00e9 du m\u00e9dicament.D&#8217;un autre c\u00f4t\u00e9, les opposants \u00e0 la disponibilit\u00e9 du Citalopram sans ordonnance soulignent les risques associ\u00e9s \u00e0 une autom\u00e9dication inappropri\u00e9e. Sans la supervision d&#8217;un professionnel de la sant\u00e9, les patients pourraient mal interpr\u00e9ter leurs sympt\u00f4mes, sous-estimer la gravit\u00e9 de leur condition ou ne pas recevoir les conseils appropri\u00e9s sur l&#8217;utilisation du m\u00e9dicament. Cela pourrait entra\u00eener des interactions m\u00e9dicamenteuses dangereuses, des effets secondaires ind\u00e9sirables ou m\u00eame une aggravation des troubles psychiatriques.En conclusion, la question de l&#8217;accessibilit\u00e9 du Citalopram sans ordonnance en France est un sujet d&#8217;une grande complexit\u00e9 et d&#8217;une grande importance. Alors que certains plaident en faveur d&#8217;une approche plus accessible pour r\u00e9pondre aux besoins de sant\u00e9 mentale, d&#8217;autres mettent en garde contre les risques potentiels pour la s\u00e9curit\u00e9 et l&#8217;efficacit\u00e9 du traitement. Il est imp\u00e9ratif que cette question soit abord\u00e9e avec prudence et r\u00e9flexion, en tenant compte des multiples facettes de la sant\u00e9 publique et de la pratique clinique.<\/p>\n","protected":false},"excerpt":{"rendered":"<p>Citalopram Cliquez ici pour acheter Le citalopram est un m\u00e9dicament r\u00e9volutionnaire pour le traitement des troubles d\u00e9pressifs chez l&#8217;adulte. Cet<\/p>\n","protected":false},"author":3,"featured_media":0,"parent":0,"menu_order":0,"comment_status":"closed","ping_status":"closed","template":"","meta":{"_lmt_disableupdate":"no","_lmt_disable":"no","footnotes":""},"class_list":["post-73","page","type-page","status-publish","hentry"],"translation":{"provider":"WPGlobus","version":"3.0.2","language":"fr","enabled_languages":["en","es","fr"],"languages":{"en":{"title":true,"content":true,"excerpt":false},"es":{"title":true,"content":true,"excerpt":false},"fr":{"title":true,"content":true,"excerpt":false}}},"yoast_head":"<!-- This site is optimized with the Yoast SEO plugin v27.4 - https:\/\/yoast.com\/product\/yoast-seo-wordpress\/ -->\n<title>Acheter Citalopram 10, 20 et 40 mg en ligne sans ordonnance en France<\/title>\n<meta name=\"description\" content=\"Le citalopram est un inhibiteur s\u00e9lectif de recapture de s\u00e9rotonine. Vous pouvez toujours acheter du citalopram 20 mg dans une pharmacie de France de confiance pour vous assurer que vous le ferez livr\u00e9 directement.\" \/>\n<meta name=\"robots\" content=\"index, follow, max-snippet:-1, max-image-preview:large, max-video-preview:-1\" \/>\n<link rel=\"canonical\" href=\"https:\/\/drpillman.biz\/citalopram.htm\" \/>\n<meta property=\"og:locale\" content=\"fr_FR\" \/>\n<meta property=\"og:type\" content=\"article\" \/>\n<meta property=\"og:title\" content=\"Acheter Citalopram 10, 20 et 40 mg en ligne sans ordonnance en France\" \/>\n<meta property=\"og:description\" content=\"Le citalopram est un inhibiteur s\u00e9lectif de recapture de s\u00e9rotonine. Vous pouvez toujours acheter du citalopram 20 mg dans une pharmacie de France de confiance pour vous assurer que vous le ferez livr\u00e9 directement.\" \/>\n<meta property=\"og:url\" content=\"https:\/\/drpillman.biz\/citalopram.htm\" \/>\n<meta property=\"og:site_name\" content=\"Dr.Pillman\" \/>\n<meta property=\"article:modified_time\" content=\"2024-05-21T09:33:57+00:00\" \/>\n<meta name=\"twitter:card\" content=\"summary_large_image\" \/>\n<script type=\"application\/ld+json\" class=\"yoast-schema-graph\">{\"@context\":\"https:\\\/\\\/schema.org\",\"@graph\":[{\"@type\":\"WebPage\",\"@id\":\"https:\\\/\\\/drpillman.biz\\\/citalopram.htm\",\"url\":\"https:\\\/\\\/drpillman.biz\\\/citalopram.htm\",\"name\":\"Buy Citalopram Online For Depression Treatment - Top-Quality Citalopram 20 Mg UK\",\"isPartOf\":{\"@id\":\"http:\\\/\\\/drpillman.biz\\\/#website\"},\"datePublished\":\"2013-08-09T03:56:29+00:00\",\"dateModified\":\"2024-05-21T09:33:57+00:00\",\"description\":\"Le citalopram est un inhibiteur s\u00e9lectif de recapture de s\u00e9rotonine. Vous pouvez toujours acheter du citalopram 20 mg dans une pharmacie de France de confiance pour vous assurer que vous le ferez livr\u00e9 directement.\",\"breadcrumb\":{\"@id\":\"https:\\\/\\\/drpillman.biz\\\/citalopram.htm#breadcrumb\"},\"inLanguage\":\"fr-FR\",\"potentialAction\":[{\"@type\":\"ReadAction\",\"target\":[\"https:\\\/\\\/drpillman.biz\\\/citalopram.htm\"]}]},{\"@type\":\"BreadcrumbList\",\"@id\":\"https:\\\/\\\/drpillman.biz\\\/citalopram.htm#breadcrumb\",\"itemListElement\":[{\"@type\":\"ListItem\",\"position\":1,\"name\":\"Home\",\"item\":\"http:\\\/\\\/drpillman.biz\\\/\"},{\"@type\":\"ListItem\",\"position\":2,\"name\":\"Citalopram\"}]},{\"@type\":\"WebSite\",\"@id\":\"http:\\\/\\\/drpillman.biz\\\/#website\",\"url\":\"http:\\\/\\\/drpillman.biz\\\/\",\"name\":\"Dr.Pillman\",\"description\":\"\",\"potentialAction\":[{\"@type\":\"SearchAction\",\"target\":{\"@type\":\"EntryPoint\",\"urlTemplate\":\"http:\\\/\\\/drpillman.biz\\\/?s={search_term_string}\"},\"query-input\":{\"@type\":\"PropertyValueSpecification\",\"valueRequired\":true,\"valueName\":\"search_term_string\"}}],\"inLanguage\":\"fr-FR\"}]}<\/script>\n<!-- \/ Yoast SEO plugin. -->","yoast_head_json":{"title":"Acheter Citalopram 10, 20 et 40 mg en ligne sans ordonnance en France","description":"Le citalopram est un inhibiteur s\u00e9lectif de recapture de s\u00e9rotonine. Vous pouvez toujours acheter du citalopram 20 mg dans une pharmacie de France de confiance pour vous assurer que vous le ferez livr\u00e9 directement.","robots":{"index":"index","follow":"follow","max-snippet":"max-snippet:-1","max-image-preview":"max-image-preview:large","max-video-preview":"max-video-preview:-1"},"canonical":"https:\/\/drpillman.biz\/citalopram.htm","og_locale":"fr_FR","og_type":"article","og_title":"Acheter Citalopram 10, 20 et 40 mg en ligne sans ordonnance en France","og_description":"Le citalopram est un inhibiteur s\u00e9lectif de recapture de s\u00e9rotonine. Vous pouvez toujours acheter du citalopram 20 mg dans une pharmacie de France de confiance pour vous assurer que vous le ferez livr\u00e9 directement.","og_url":"https:\/\/drpillman.biz\/citalopram.htm","og_site_name":"Dr.Pillman","article_modified_time":"2024-05-21T09:33:57+00:00","twitter_card":"summary_large_image","schema":{"@context":"https:\/\/schema.org","@graph":[{"@type":"WebPage","@id":"https:\/\/drpillman.biz\/citalopram.htm","url":"https:\/\/drpillman.biz\/citalopram.htm","name":"Buy Citalopram Online For Depression Treatment - Top-Quality Citalopram 20 Mg UK","isPartOf":{"@id":"http:\/\/drpillman.biz\/#website"},"datePublished":"2013-08-09T03:56:29+00:00","dateModified":"2024-05-21T09:33:57+00:00","description":"Le citalopram est un inhibiteur s\u00e9lectif de recapture de s\u00e9rotonine. Vous pouvez toujours acheter du citalopram 20 mg dans une pharmacie de France de confiance pour vous assurer que vous le ferez livr\u00e9 directement.","breadcrumb":{"@id":"https:\/\/drpillman.biz\/citalopram.htm#breadcrumb"},"inLanguage":"fr-FR","potentialAction":[{"@type":"ReadAction","target":["https:\/\/drpillman.biz\/citalopram.htm"]}]},{"@type":"BreadcrumbList","@id":"https:\/\/drpillman.biz\/citalopram.htm#breadcrumb","itemListElement":[{"@type":"ListItem","position":1,"name":"Home","item":"http:\/\/drpillman.biz\/"},{"@type":"ListItem","position":2,"name":"Citalopram"}]},{"@type":"WebSite","@id":"http:\/\/drpillman.biz\/#website","url":"http:\/\/drpillman.biz\/","name":"Dr.Pillman","description":"","potentialAction":[{"@type":"SearchAction","target":{"@type":"EntryPoint","urlTemplate":"http:\/\/drpillman.biz\/?s={search_term_string}"},"query-input":{"@type":"PropertyValueSpecification","valueRequired":true,"valueName":"search_term_string"}}],"inLanguage":"fr-FR"}]}},"_links":{"self":[{"href":"https:\/\/drpillman.biz\/fr\/wp-json\/wp\/v2\/pages\/73","targetHints":{"allow":["GET"]}}],"collection":[{"href":"https:\/\/drpillman.biz\/fr\/wp-json\/wp\/v2\/pages"}],"about":[{"href":"https:\/\/drpillman.biz\/fr\/wp-json\/wp\/v2\/types\/page"}],"author":[{"embeddable":true,"href":"https:\/\/drpillman.biz\/fr\/wp-json\/wp\/v2\/users\/3"}],"replies":[{"embeddable":true,"href":"https:\/\/drpillman.biz\/fr\/wp-json\/wp\/v2\/comments?post=73"}],"version-history":[{"count":0,"href":"https:\/\/drpillman.biz\/fr\/wp-json\/wp\/v2\/pages\/73\/revisions"}],"wp:attachment":[{"href":"https:\/\/drpillman.biz\/fr\/wp-json\/wp\/v2\/media?parent=73"}],"curies":[{"name":"wp","href":"https:\/\/api.w.org\/{rel}","templated":true}]}}