{"id":79,"date":"2013-09-11T09:03:09","date_gmt":"2013-09-11T08:03:09","guid":{"rendered":"https:\/\/drpillman.biz\/?page_id=79"},"modified":"2024-05-17T13:14:02","modified_gmt":"2024-05-17T12:14:02","slug":"clobetasol","status":"publish","type":"page","link":"https:\/\/drpillman.biz\/fr\/clobetasol.htm","title":{"rendered":"Clobetasol"},"content":{"rendered":"<div id=\"content-center\">\n<div id=\"content-image\">\n\t\t\t\t\t<img decoding=\"async\" src=\"\/img\/Clobetasol.jpg\" alt=\"Clobetasol\">\t\t\t\t<\/div>\n<div id=\"content-description\">\n<h1>Clob\u00e9tasol<\/h1>\n<p> <code><a href=\"https:\/\/200pills.com\/search.html?lang=fr&#038;cur=EUR&#038;key=Clobetasol\"> <button class=\"button-7\" role=\"button\">Cliquez ici pour acheter<\/button><\/a><\/code> <\/p>\n<div class=\"gray\"><\/div>\n<div class=\"clear\"><\/div>\n<div id=\"description\">\n\t\t\t\t\t\tLe traitement des maladies de la peau n&#8217;a jamais \u00e9t\u00e9 aussi facile, maintenant que vous pouvez acheter Clobetasol en ligne sans aucune prescription m\u00e9dicale. Le Clobetasol vendu en ligne est de haute qualit\u00e9, mais son prix est beaucoup moins \u00e9lev\u00e9 que celui des m\u00e9dicaments vendus dans les pharmacies ordinaires. Vous avez plus de chances de trouver du Clobetasol sur Internet, car vous pouvez rechercher ce m\u00e9dicament en quelques secondes!\t\t\t\t\t<\/div>\n<div id=\"additional\">\n\t\t\t\t\t\tSynonymes :<span> Temovate<\/span>\n\t\t\t\t\t<\/div>\n<\/p><\/div>\n<div class=\"clear\"><\/div>\n<h2>Aper\u00e7u du produit<\/h2>\n<p>Le clob\u00e9tasol est un corticost\u00e9ro\u00efde topique puissant qui est utilis\u00e9 pour les troubles inflammatoires de la peau, comme la dermatite ou l&#8217;ecz\u00e9ma. Le clob\u00e9tasol est g\u00e9n\u00e9ralement utilis\u00e9 en association avec diverses cr\u00e8mes hydratantes destin\u00e9es \u00e0 maintenir la peau bien hydrat\u00e9e. Bien qu&#8217;il ne s&#8217;agisse pas d&#8217;un rem\u00e8de pour les affections cutan\u00e9es, il soulagera consid\u00e9rablement les sympt\u00f4mes tels que les d\u00e9mangeaisons, les rougeurs et m\u00eame l&#8217;inflammation. Outre l&#8217;ecz\u00e9ma et la dermatite, le Clobetasol a \u00e9galement \u00e9t\u00e9 test\u00e9 et s&#8217;est av\u00e9r\u00e9 efficace pour le traitement du psoriasis. Toutefois, il est essentiel de consulter un dermatologue avant de commencer le traitement au Clobetasol pour garantir le succ\u00e8s du traitement et minimiser les effets secondaires potentiels.<\/p>\n<p>Certaines variantes de Clobetasol contiennent des agents antifongiques et antibact\u00e9riens qui visent \u00e0 traiter les infections cutan\u00e9es &#8211; si votre peau est d\u00e9j\u00e0 infect\u00e9e, ces versions de la cr\u00e8me sont les meilleures.<\/p>\n<h2>Contre-indications<\/h2>\n<p>Si vous avez des zones de peau infect\u00e9e ou des plaies ouvertes susceptibles d&#8217;entrer en contact direct avec le Clobetasol, il est essentiel d&#8217;en informer votre m\u00e9decin avant de commencer \u00e0 appliquer cette cr\u00e8me. Informez \u00e9galement votre pharmacien si vous souffrez d&#8217;acn\u00e9 ou de rosac\u00e9e, si vous \u00eates enceinte ou si vous allaitez, ou si vous avez d\u00e9j\u00e0 eu une allergie \u00e0 une cr\u00e8me topique appliqu\u00e9e sur la peau.<\/p>\n<h2>Effets secondaires et comment les r\u00e9duire<\/h2>\n<p>Si votre m\u00e9decin vous a recommand\u00e9 de commencer un traitement au clob\u00e9tasol, c&#8217;est qu&#8217;il consid\u00e8re que les avantages l&#8217;emportent sur les effets secondaires. Comme la plupart des m\u00e9dicaments disponibles aujourd&#8217;hui, le clob\u00e9tasol peut provoquer des effets ind\u00e9sirables allant de l\u00e9gers \u00e0 graves. Afin de r\u00e9duire le risque et l&#8217;intensit\u00e9 des effets secondaires, il est fortement recommand\u00e9 d&#8217;appliquer le clob\u00e9tasol sur la peau en couche mince, pas plus de deux fois en 24 heures. Ne d\u00e9passez pas les zones affect\u00e9es et n&#8217;appliquez pas plus de clobetasol que ce qui est indiqu\u00e9 par votre fournisseur de soins de sant\u00e9. Toutefois, si vous ressentez des effets secondaires g\u00eanants, vous devez consulter imm\u00e9diatement votre pharmacien.<\/p>\n<p>Pour une efficacit\u00e9 maximale, conservez le clob\u00e9tasol dans un endroit s\u00fbr, hors de la vue des enfants et \u00e0 l&#8217;abri de toute source de chaleur, de lumi\u00e8re ou d&#8217;humidit\u00e9. Le produit doit \u00eatre conserv\u00e9 \u00e0 temp\u00e9rature ambiante, dans un endroit sec.<\/p>\n<h2>Pr\u00e9cautions d&#8217;emploi<\/h2>\n<p>Le clob\u00e9tasol ne doit \u00eatre utilis\u00e9 qu&#8217;en tr\u00e8s fines couches et uniquement sur les zones affect\u00e9es de la peau &#8211; masser la cr\u00e8me jusqu&#8217;\u00e0 ce qu&#8217;elle soit absorb\u00e9e par la peau. Cette cr\u00e8me est destin\u00e9e \u00e0 une utilisation \u00e0 court terme et ne doit pas \u00eatre utilis\u00e9e pendant une p\u00e9riode prolong\u00e9e. Il est destin\u00e9 uniquement aux adultes et ne doit pas \u00eatre utilis\u00e9 par les enfants. En outre, le clob\u00e9tasol ne doit jamais \u00eatre appliqu\u00e9 sur des parties de la peau d\u00e9j\u00e0 infect\u00e9es, \u00e0 moins que la cr\u00e8me ne soit associ\u00e9e \u00e0 un agent antibact\u00e9rien puissant.<\/p>\n<\/p><\/div>\n<h2>Libert\u00e9 d&#8217;acc\u00e8s ou risque accru? Acheter du Clobetasol sans ordonnance<\/h2>\n<p>En France, la question de l&#8217;accessibilit\u00e9 au Clobetasol sans ordonnance est un sujet d\u00e9battu passionn\u00e9ment. Certains d\u00e9fendent ardemment cette libert\u00e9 d&#8217;acc\u00e8s, arguant que cela permettrait aux individus de g\u00e9rer leurs conditions dermatologiques sans les tracas d&#8217;une visite m\u00e9dicale pr\u00e9alable. Cependant, cette libert\u00e9 apparente ne vient pas sans son lot de risques. Le Clobetasol, puissant corticost\u00e9ro\u00efde topique, pr\u00e9sente des dangers potentiels s&#8217;il est mal utilis\u00e9. Son utilisation sans la supervision d&#8217;un professionnel de sant\u00e9 peut entra\u00eener des effets secondaires graves, y compris une atrophie cutan\u00e9e, des br\u00fblures et une hypersensibilit\u00e9.La question de la disponibilit\u00e9 sans ordonnance du Clobetasol soul\u00e8ve \u00e9galement des inqui\u00e9tudes quant \u00e0 l&#8217;autodiagnostic. Les patients pourraient \u00eatre tent\u00e9s de s&#8217;auto-diagnostiquer et de s&#8217;auto-traiter, sans la guidance d&#8217;un m\u00e9decin qualifi\u00e9. Cela pourrait entra\u00eener des retards dans le traitement des affections cutan\u00e9es sous-jacentes, voire une aggravation de la condition.Dans le d\u00e9bat sur l&#8217;accessibilit\u00e9 du Clobetasol sans ordonnance, il est crucial de peser les avantages de la libert\u00e9 d&#8217;acc\u00e8s avec les risques potentiels pour la sant\u00e9 publique. Bien que l&#8217;id\u00e9e puisse sembler attrayante pour certains, elle n\u00e9cessite une r\u00e9flexion approfondie et une prise de d\u00e9cision \u00e9clair\u00e9e. En fin de compte, la sant\u00e9 et le bien-\u00eatre des patients doivent toujours primer.<\/p>\n","protected":false},"excerpt":{"rendered":"<p>Clob\u00e9tasol Cliquez ici pour acheter Le traitement des maladies de la peau n&#8217;a jamais \u00e9t\u00e9 aussi facile, maintenant que vous<\/p>\n","protected":false},"author":3,"featured_media":0,"parent":0,"menu_order":0,"comment_status":"closed","ping_status":"closed","template":"","meta":{"_lmt_disableupdate":"no","_lmt_disable":"no","footnotes":""},"class_list":["post-79","page","type-page","status-publish","hentry"],"translation":{"provider":"WPGlobus","version":"3.0.2","language":"fr","enabled_languages":["en","es","fr"],"languages":{"en":{"title":true,"content":true,"excerpt":false},"es":{"title":true,"content":true,"excerpt":false},"fr":{"title":true,"content":true,"excerpt":false}}},"yoast_head":"<!-- This site is optimized with the Yoast SEO plugin v27.4 - https:\/\/yoast.com\/product\/yoast-seo-wordpress\/ -->\n<title>Acheter Clobetasol 0.05 g en ligne sans ordonnance en France<\/title>\n<meta name=\"description\" content=\"Le clobetasol est un corticost\u00e9ro\u00efde prescrit pour le traitement des probl\u00e8mes cutan\u00e9s, tels que le psoriasis et l&#039;ecz\u00e9ma. Vous pouvez toujours acheter du clobetasol en ligne dans le montant requis et profiter d&#039;un traitement efficace.\" \/>\n<meta name=\"robots\" content=\"index, follow, max-snippet:-1, max-image-preview:large, max-video-preview:-1\" \/>\n<link rel=\"canonical\" href=\"https:\/\/drpillman.biz\/clobetasol.htm\" \/>\n<meta property=\"og:locale\" content=\"fr_FR\" \/>\n<meta property=\"og:type\" content=\"article\" \/>\n<meta property=\"og:title\" content=\"Acheter Clobetasol 0.05 g en ligne sans ordonnance en France\" \/>\n<meta property=\"og:description\" content=\"Le clobetasol est un corticost\u00e9ro\u00efde prescrit pour le traitement des probl\u00e8mes cutan\u00e9s, tels que le psoriasis et l&#039;ecz\u00e9ma. Vous pouvez toujours acheter du clobetasol en ligne dans le montant requis et profiter d&#039;un traitement efficace.\" \/>\n<meta property=\"og:url\" content=\"https:\/\/drpillman.biz\/clobetasol.htm\" \/>\n<meta property=\"og:site_name\" content=\"Dr.Pillman\" \/>\n<meta property=\"article:modified_time\" content=\"2024-05-17T12:14:02+00:00\" \/>\n<meta name=\"twitter:card\" content=\"summary_large_image\" \/>\n<script type=\"application\/ld+json\" class=\"yoast-schema-graph\">{\"@context\":\"https:\\\/\\\/schema.org\",\"@graph\":[{\"@type\":\"WebPage\",\"@id\":\"https:\\\/\\\/drpillman.biz\\\/clobetasol.htm\",\"url\":\"https:\\\/\\\/drpillman.biz\\\/clobetasol.htm\",\"name\":\"Buy Clobetasol Cream Online To Treat Skin Disorders\",\"isPartOf\":{\"@id\":\"https:\\\/\\\/drpillman.biz\\\/fr\\\/#website\"},\"datePublished\":\"2013-09-11T08:03:09+00:00\",\"dateModified\":\"2024-05-17T12:14:02+00:00\",\"description\":\"Le clobetasol est un corticost\u00e9ro\u00efde prescrit pour le traitement des probl\u00e8mes cutan\u00e9s, tels que le psoriasis et l'ecz\u00e9ma. Vous pouvez toujours acheter du clobetasol en ligne dans le montant requis et profiter d'un traitement efficace.\",\"breadcrumb\":{\"@id\":\"https:\\\/\\\/drpillman.biz\\\/clobetasol.htm#breadcrumb\"},\"inLanguage\":\"fr-FR\",\"potentialAction\":[{\"@type\":\"ReadAction\",\"target\":[\"https:\\\/\\\/drpillman.biz\\\/clobetasol.htm\"]}]},{\"@type\":\"BreadcrumbList\",\"@id\":\"https:\\\/\\\/drpillman.biz\\\/clobetasol.htm#breadcrumb\",\"itemListElement\":[{\"@type\":\"ListItem\",\"position\":1,\"name\":\"Home\",\"item\":\"https:\\\/\\\/drpillman.biz\\\/fr\\\/\"},{\"@type\":\"ListItem\",\"position\":2,\"name\":\"Clobetasol\"}]},{\"@type\":\"WebSite\",\"@id\":\"https:\\\/\\\/drpillman.biz\\\/fr\\\/#website\",\"url\":\"https:\\\/\\\/drpillman.biz\\\/fr\\\/\",\"name\":\"Dr.Pillman\",\"description\":\"\",\"potentialAction\":[{\"@type\":\"SearchAction\",\"target\":{\"@type\":\"EntryPoint\",\"urlTemplate\":\"https:\\\/\\\/drpillman.biz\\\/fr\\\/?s={search_term_string}\"},\"query-input\":{\"@type\":\"PropertyValueSpecification\",\"valueRequired\":true,\"valueName\":\"search_term_string\"}}],\"inLanguage\":\"fr-FR\"}]}<\/script>\n<!-- \/ Yoast SEO plugin. -->","yoast_head_json":{"title":"Acheter Clobetasol 0.05 g en ligne sans ordonnance en France","description":"Le clobetasol est un corticost\u00e9ro\u00efde prescrit pour le traitement des probl\u00e8mes cutan\u00e9s, tels que le psoriasis et l'ecz\u00e9ma. Vous pouvez toujours acheter du clobetasol en ligne dans le montant requis et profiter d'un traitement efficace.","robots":{"index":"index","follow":"follow","max-snippet":"max-snippet:-1","max-image-preview":"max-image-preview:large","max-video-preview":"max-video-preview:-1"},"canonical":"https:\/\/drpillman.biz\/clobetasol.htm","og_locale":"fr_FR","og_type":"article","og_title":"Acheter Clobetasol 0.05 g en ligne sans ordonnance en France","og_description":"Le clobetasol est un corticost\u00e9ro\u00efde prescrit pour le traitement des probl\u00e8mes cutan\u00e9s, tels que le psoriasis et l'ecz\u00e9ma. Vous pouvez toujours acheter du clobetasol en ligne dans le montant requis et profiter d'un traitement efficace.","og_url":"https:\/\/drpillman.biz\/clobetasol.htm","og_site_name":"Dr.Pillman","article_modified_time":"2024-05-17T12:14:02+00:00","twitter_card":"summary_large_image","schema":{"@context":"https:\/\/schema.org","@graph":[{"@type":"WebPage","@id":"https:\/\/drpillman.biz\/clobetasol.htm","url":"https:\/\/drpillman.biz\/clobetasol.htm","name":"Buy Clobetasol Cream Online To Treat Skin Disorders","isPartOf":{"@id":"https:\/\/drpillman.biz\/fr\/#website"},"datePublished":"2013-09-11T08:03:09+00:00","dateModified":"2024-05-17T12:14:02+00:00","description":"Le clobetasol est un corticost\u00e9ro\u00efde prescrit pour le traitement des probl\u00e8mes cutan\u00e9s, tels que le psoriasis et l'ecz\u00e9ma. Vous pouvez toujours acheter du clobetasol en ligne dans le montant requis et profiter d'un traitement efficace.","breadcrumb":{"@id":"https:\/\/drpillman.biz\/clobetasol.htm#breadcrumb"},"inLanguage":"fr-FR","potentialAction":[{"@type":"ReadAction","target":["https:\/\/drpillman.biz\/clobetasol.htm"]}]},{"@type":"BreadcrumbList","@id":"https:\/\/drpillman.biz\/clobetasol.htm#breadcrumb","itemListElement":[{"@type":"ListItem","position":1,"name":"Home","item":"https:\/\/drpillman.biz\/fr\/"},{"@type":"ListItem","position":2,"name":"Clobetasol"}]},{"@type":"WebSite","@id":"https:\/\/drpillman.biz\/fr\/#website","url":"https:\/\/drpillman.biz\/fr\/","name":"Dr.Pillman","description":"","potentialAction":[{"@type":"SearchAction","target":{"@type":"EntryPoint","urlTemplate":"https:\/\/drpillman.biz\/fr\/?s={search_term_string}"},"query-input":{"@type":"PropertyValueSpecification","valueRequired":true,"valueName":"search_term_string"}}],"inLanguage":"fr-FR"}]}},"_links":{"self":[{"href":"https:\/\/drpillman.biz\/fr\/wp-json\/wp\/v2\/pages\/79","targetHints":{"allow":["GET"]}}],"collection":[{"href":"https:\/\/drpillman.biz\/fr\/wp-json\/wp\/v2\/pages"}],"about":[{"href":"https:\/\/drpillman.biz\/fr\/wp-json\/wp\/v2\/types\/page"}],"author":[{"embeddable":true,"href":"https:\/\/drpillman.biz\/fr\/wp-json\/wp\/v2\/users\/3"}],"replies":[{"embeddable":true,"href":"https:\/\/drpillman.biz\/fr\/wp-json\/wp\/v2\/comments?post=79"}],"version-history":[{"count":0,"href":"https:\/\/drpillman.biz\/fr\/wp-json\/wp\/v2\/pages\/79\/revisions"}],"wp:attachment":[{"href":"https:\/\/drpillman.biz\/fr\/wp-json\/wp\/v2\/media?parent=79"}],"curies":[{"name":"wp","href":"https:\/\/api.w.org\/{rel}","templated":true}]}}