{"id":85,"date":"2013-07-22T08:55:47","date_gmt":"2013-07-22T07:55:47","guid":{"rendered":"https:\/\/drpillman.biz\/?page_id=85"},"modified":"2024-05-17T13:17:36","modified_gmt":"2024-05-17T12:17:36","slug":"20-et-40-mg-en-ligne-sans-ordonnance-en-france","status":"publish","type":"page","link":"https:\/\/drpillman.biz\/fr\/20-et-40-mg-en-ligne-sans-ordonnance-en-france.htm","title":{"rendered":"Deltasone"},"content":{"rendered":"<div id=\"content-center\">\n<div id=\"content-image\"><img decoding=\"async\" src=\"\/img\/Deltasone.jpg\" alt=\"Deltasone\" \/><\/div>\n<div id=\"content-description\">\n<h1>Deltasone<\/h1>\n<p> <code><a href=\"https:\/\/200pills.com\/search.html?lang=fr&#038;cur=EUR&#038;key=Deltasone\"> <button class=\"button-7\" role=\"button\">Cliquez ici pour acheter<\/button><\/a><\/code><\/p>\n<div class=\"clear\"><\/div>\n<div id=\"description\">Deltasone contient de la prednisone qui est utilis\u00e9e dans le traitement des troubles du syst\u00e8me immunitaire, des allergies tr\u00e8s graves, des troubles sanguins, de l&#8217;arthrite, de l&#8217;asthme et pour r\u00e9duire l&#8217;inflammation du syst\u00e8me nerveux central. Il r\u00e9duit les conditions telles que le gonflement et d&#8217;autres r\u00e9actions allergiques en supprimant la r\u00e9ponse du syst\u00e8me immunitaire.<\/div>\n<div id=\"additional\">Synonymes : <span>Prednisone<\/span><\/div>\n<\/div>\n<div class=\"clear\"><\/div>\n<h2>Plus d&#8217;informations sur Deltasone<\/h2>\n<p>La prednisone fait partie d&#8217;un groupe de m\u00e9dicaments connus sous le nom de corticost\u00e9ro\u00efdes. Les corticost\u00e9ro\u00efdes sont g\u00e9n\u00e9ralement utilis\u00e9s dans le traitement de la scl\u00e9rose en plaques.<\/p>\n<p>Ce m\u00e9dicament doit \u00eatre pris par voie orale avec de l&#8217;eau. En cas de troubles de l&#8217;estomac, il est pr\u00e9f\u00e9rable de prendre ce m\u00e9dicament avec de la nourriture ou du lait. Il est recommand\u00e9 de prendre le m\u00e9dicament le matin, si l&#8217;on doit prendre une seule dose par jour. Il convient de respecter la posologie recommand\u00e9e pour le traitement. Si vous oubliez une dose, ne prenez pas une double dose pour compenser la perte.<\/p>\n<p>De plus, n&#8217;arr\u00eatez pas brusquement de prendre ce m\u00e9dicament sans l&#8217;avis de votre m\u00e9decin. Il peut avoir des effets secondaires graves.<\/p>\n<p>Faites toujours part de vos ant\u00e9c\u00e9dents m\u00e9dicaux \u00e0 votre m\u00e9decin avant de commencer \u00e0 prendre ce m\u00e9dicament, car la deltasone a un impact direct sur votre syst\u00e8me immunitaire, ce qui rend votre corps plus vuln\u00e9rable aux infections.<\/p>\n<p>L&#8217;utilisation de ce m\u00e9dicament pendant une longue p\u00e9riode rendra difficile pour votre corps de supporter le stress physique et peut causer des probl\u00e8mes osseux. Il faut commencer \u00e0 prendre du calcium et de la vitamine D et faire de l&#8217;exercice r\u00e9guli\u00e8rement pour contrer les effets n\u00e9fastes de ce m\u00e9dicament. Il est recommand\u00e9 qu&#8217;une personne prenant ce m\u00e9dicament porte une carte d&#8217;avertissement indiquant clairement l&#8217;utilisation de ce m\u00e9dicament.<\/p>\n<p>La prednisone est connue pour provoquer une augmentation de la r\u00e9tention d&#8217;eau dans le corps, il faut donc adopter un r\u00e9gime pauvre en sel et riche en potassium pour en contrer les effets.<\/p>\n<p>Il est \u00e9galement conseill\u00e9 d&#8217;\u00e9viter tout contact avec des personnes souffrant d&#8217;infections telles que la rougeole et la varicelle. Comme elle diminue la r\u00e9ponse du syst\u00e8me immunitaire, l&#8217;organisme n&#8217;est pas en mesure de lutter efficacement contre les infections, ce qui le rend vuln\u00e9rable aux infections.<\/p>\n<p>Vous pouvez toujours acheter Prednisone en ligne. Il est disponible en diff\u00e9rents dosages. De nombreuses personnes pr\u00e9f\u00e8rent acheter Deltasone en ligne au Royaume-Uni. L&#8217;achat de Deltasone en ligne vous permet non seulement de recevoir le m\u00e9dicament rapidement, mais aussi de pr\u00e9server la confidentialit\u00e9 et la s\u00e9curit\u00e9 de votre identit\u00e9. En outre, les prix en ligne sont toujours inf\u00e9rieurs aux prix pratiqu\u00e9s par les pharmaciens locaux.<\/p>\n<p>Conservez ces comprim\u00e9s \u00e0 temp\u00e9rature ambiante, hors de port\u00e9e des enfants.<\/p>\n<h2>Deltasone et grossesse<\/h2>\n<p>Les femmes enceintes ne doivent prendre ce m\u00e9dicament que sur prescription m\u00e9dicale, car il peut avoir un impact sur la croissance de l&#8217;enfant. Les femmes qui allaitent ne doivent pas prendre ce m\u00e9dicament, car il passe dans le lait maternel et peut nuire \u00e0 la croissance de l&#8217;enfant.<\/p>\n<h2>Deltasone Effets secondaires<\/h2>\n<p>La plupart des effets secondaires tels que l&#8217;indigestion, l&#8217;augmentation de la transpiration, les br\u00fblures d&#8217;estomac, l&#8217;insomnie temporaire disparaissent sans qu&#8217;il soit n\u00e9cessaire de consulter un m\u00e9decin, car le corps a besoin d&#8217;un certain temps pour s&#8217;adapter au nouveau m\u00e9dicament.<\/p>\n<p>Toutefois, si les sympt\u00f4mes ci-dessus persistent ou s&#8217;il existe d&#8217;autres signes tels que des douleurs musculaires, une faiblesse, une douleur intense ou des signes d&#8217;infection, il convient de consulter imm\u00e9diatement un m\u00e9decin.<\/p>\n<p>Pour acheter Deltasone en ligne, vous n&#8217;avez pas besoin de vous rendre chez un pharmacien ou un m\u00e9decin. Vous pouvez facilement commander dans le confort de votre maison, en toute confidentialit\u00e9 et sans vous sentir g\u00ean\u00e9. Le processus d&#8217;achat en ligne est tr\u00e8s simple et similaire \u00e0 celui de l&#8217;achat d&#8217;autres produits en ligne.<\/p>\n<\/div>\n<h2>La r\u00e9alit\u00e9 derri\u00e8re l&#8217;achat de Deltasone sans ordonnance en France<\/h2>\n<p>Dans le monde pharmaceutique, la question de l&#8217;acquisition de m\u00e9dicaments tels que le Deltasone sans ordonnance suscite une r\u00e9elle inqui\u00e9tude. En effet, bien que certains individus cherchent \u00e0 se procurer ce cortico\u00efde \u00e0 des fins th\u00e9rapeutiques, il convient de souligner que la r\u00e9glementation fran\u00e7aise interdit strictement l&#8217;achat de Deltasone sans l&#8217;aval d&#8217;un m\u00e9decin. Cette mesure, dict\u00e9e par la n\u00e9cessit\u00e9 de pr\u00e9server la sant\u00e9 publique, vise \u00e0 garantir que chaque consommateur b\u00e9n\u00e9ficie d&#8217;un suivi m\u00e9dical appropri\u00e9 et d&#8217;une prescription adapt\u00e9e \u00e0 ses besoins sp\u00e9cifiques.<br \/>\nEn d\u00e9pit des tentations, il est crucial de se souvenir que le Deltasone, en tant que cortico\u00efde puissant, peut entra\u00eener des effets secondaires significatifs si utilis\u00e9 sans surveillance m\u00e9dicale. Ainsi, bien qu&#8217;il soit tentant de rechercher des solutions rapides et sans ordonnance, il est essentiel de respecter les r\u00e8gles en vigueur et de faire appel \u00e0 un professionnel de la sant\u00e9 pour obtenir une prescription l\u00e9gitime.<br \/>\nEn somme, l&#8217;achat de Deltasone sans ordonnance en France est non seulement ill\u00e9gal, mais aussi potentiellement dangereux pour la sant\u00e9. Il est donc recommand\u00e9 de se tourner vers des sources l\u00e9gitimes et autoris\u00e9es pour obtenir ce m\u00e9dicament, en veillant \u00e0 toujours suivre les conseils d&#8217;un pharmacien ou d&#8217;un m\u00e9decin comp\u00e9tent.<\/p>\n","protected":false},"excerpt":{"rendered":"<p>Deltasone Cliquez ici pour acheter Deltasone contient de la prednisone qui est utilis\u00e9e dans le traitement des troubles du syst\u00e8me<\/p>\n","protected":false},"author":3,"featured_media":0,"parent":0,"menu_order":0,"comment_status":"closed","ping_status":"closed","template":"","meta":{"_lmt_disableupdate":"no","_lmt_disable":"no","footnotes":""},"class_list":["post-85","page","type-page","status-publish","hentry"],"translation":{"provider":"WPGlobus","version":"3.0.2","language":"fr","enabled_languages":["en","es","fr"],"languages":{"en":{"title":true,"content":true,"excerpt":false},"es":{"title":true,"content":true,"excerpt":false},"fr":{"title":true,"content":true,"excerpt":false}}},"yoast_head":"<!-- This site is optimized with the Yoast SEO plugin v27.4 - https:\/\/yoast.com\/product\/yoast-seo-wordpress\/ -->\n<title>Acheter Deltasone 10,<\/title>\n<meta name=\"description\" content=\"La deltasone (prednisone) est un suppresseur d&#039;ordonnance du syst\u00e8me immunitaire utilis\u00e9 pour traiter un certain nombre de maladies inflammatoires. Il peut \u00eatre command\u00e9 en ligne tant que vous connaissez le dosage exact.\" \/>\n<meta name=\"robots\" content=\"index, follow, max-snippet:-1, max-image-preview:large, max-video-preview:-1\" \/>\n<link rel=\"canonical\" href=\"https:\/\/drpillman.biz\/fr\/20-et-40-mg-en-ligne-sans-ordonnance-en-france.htm\" \/>\n<meta property=\"og:locale\" content=\"fr_FR\" \/>\n<meta property=\"og:type\" content=\"article\" \/>\n<meta property=\"og:title\" content=\"Acheter Deltasone 10,\" \/>\n<meta property=\"og:description\" content=\"La deltasone (prednisone) est un suppresseur d&#039;ordonnance du syst\u00e8me immunitaire utilis\u00e9 pour traiter un certain nombre de maladies inflammatoires. Il peut \u00eatre command\u00e9 en ligne tant que vous connaissez le dosage exact.\" \/>\n<meta property=\"og:url\" content=\"https:\/\/drpillman.biz\/fr\/20-et-40-mg-en-ligne-sans-ordonnance-en-france.htm\" \/>\n<meta property=\"og:site_name\" content=\"Dr.Pillman\" \/>\n<meta property=\"article:modified_time\" content=\"2024-05-17T12:17:36+00:00\" \/>\n<meta name=\"twitter:card\" content=\"summary_large_image\" \/>\n<script type=\"application\/ld+json\" class=\"yoast-schema-graph\">{\"@context\":\"https:\\\/\\\/schema.org\",\"@graph\":[{\"@type\":\"WebPage\",\"@id\":\"https:\\\/\\\/drpillman.biz\\\/fr\\\/20-et-40-mg-en-ligne-sans-ordonnance-en-france.htm\",\"url\":\"https:\\\/\\\/drpillman.biz\\\/fr\\\/20-et-40-mg-en-ligne-sans-ordonnance-en-france.htm\",\"name\":\"Acheter Deltasone 10,\",\"isPartOf\":{\"@id\":\"https:\\\/\\\/drpillman.biz\\\/fr\\\/#website\"},\"datePublished\":\"2013-07-22T07:55:47+00:00\",\"dateModified\":\"2024-05-17T12:17:36+00:00\",\"description\":\"La deltasone (prednisone) est un suppresseur d'ordonnance du syst\u00e8me immunitaire utilis\u00e9 pour traiter un certain nombre de maladies inflammatoires. Il peut \u00eatre command\u00e9 en ligne tant que vous connaissez le dosage exact.\",\"breadcrumb\":{\"@id\":\"https:\\\/\\\/drpillman.biz\\\/fr\\\/20-et-40-mg-en-ligne-sans-ordonnance-en-france.htm#breadcrumb\"},\"inLanguage\":\"fr-FR\",\"potentialAction\":[{\"@type\":\"ReadAction\",\"target\":[\"https:\\\/\\\/drpillman.biz\\\/fr\\\/20-et-40-mg-en-ligne-sans-ordonnance-en-france.htm\"]}]},{\"@type\":\"BreadcrumbList\",\"@id\":\"https:\\\/\\\/drpillman.biz\\\/fr\\\/20-et-40-mg-en-ligne-sans-ordonnance-en-france.htm#breadcrumb\",\"itemListElement\":[{\"@type\":\"ListItem\",\"position\":1,\"name\":\"Home\",\"item\":\"https:\\\/\\\/drpillman.biz\\\/fr\\\/\"},{\"@type\":\"ListItem\",\"position\":2,\"name\":\"Deltasone\"}]},{\"@type\":\"WebSite\",\"@id\":\"https:\\\/\\\/drpillman.biz\\\/fr\\\/#website\",\"url\":\"https:\\\/\\\/drpillman.biz\\\/fr\\\/\",\"name\":\"Dr.Pillman\",\"description\":\"\",\"potentialAction\":[{\"@type\":\"SearchAction\",\"target\":{\"@type\":\"EntryPoint\",\"urlTemplate\":\"https:\\\/\\\/drpillman.biz\\\/fr\\\/?s={search_term_string}\"},\"query-input\":{\"@type\":\"PropertyValueSpecification\",\"valueRequired\":true,\"valueName\":\"search_term_string\"}}],\"inLanguage\":\"fr-FR\"}]}<\/script>\n<!-- \/ Yoast SEO plugin. -->","yoast_head_json":{"title":"Acheter Deltasone 10,","description":"La deltasone (prednisone) est un suppresseur d'ordonnance du syst\u00e8me immunitaire utilis\u00e9 pour traiter un certain nombre de maladies inflammatoires. Il peut \u00eatre command\u00e9 en ligne tant que vous connaissez le dosage exact.","robots":{"index":"index","follow":"follow","max-snippet":"max-snippet:-1","max-image-preview":"max-image-preview:large","max-video-preview":"max-video-preview:-1"},"canonical":"https:\/\/drpillman.biz\/fr\/20-et-40-mg-en-ligne-sans-ordonnance-en-france.htm","og_locale":"fr_FR","og_type":"article","og_title":"Acheter Deltasone 10,","og_description":"La deltasone (prednisone) est un suppresseur d'ordonnance du syst\u00e8me immunitaire utilis\u00e9 pour traiter un certain nombre de maladies inflammatoires. Il peut \u00eatre command\u00e9 en ligne tant que vous connaissez le dosage exact.","og_url":"https:\/\/drpillman.biz\/fr\/20-et-40-mg-en-ligne-sans-ordonnance-en-france.htm","og_site_name":"Dr.Pillman","article_modified_time":"2024-05-17T12:17:36+00:00","twitter_card":"summary_large_image","schema":{"@context":"https:\/\/schema.org","@graph":[{"@type":"WebPage","@id":"https:\/\/drpillman.biz\/fr\/20-et-40-mg-en-ligne-sans-ordonnance-en-france.htm","url":"https:\/\/drpillman.biz\/fr\/20-et-40-mg-en-ligne-sans-ordonnance-en-france.htm","name":"Acheter Deltasone 10,","isPartOf":{"@id":"https:\/\/drpillman.biz\/fr\/#website"},"datePublished":"2013-07-22T07:55:47+00:00","dateModified":"2024-05-17T12:17:36+00:00","description":"La deltasone (prednisone) est un suppresseur d'ordonnance du syst\u00e8me immunitaire utilis\u00e9 pour traiter un certain nombre de maladies inflammatoires. Il peut \u00eatre command\u00e9 en ligne tant que vous connaissez le dosage exact.","breadcrumb":{"@id":"https:\/\/drpillman.biz\/fr\/20-et-40-mg-en-ligne-sans-ordonnance-en-france.htm#breadcrumb"},"inLanguage":"fr-FR","potentialAction":[{"@type":"ReadAction","target":["https:\/\/drpillman.biz\/fr\/20-et-40-mg-en-ligne-sans-ordonnance-en-france.htm"]}]},{"@type":"BreadcrumbList","@id":"https:\/\/drpillman.biz\/fr\/20-et-40-mg-en-ligne-sans-ordonnance-en-france.htm#breadcrumb","itemListElement":[{"@type":"ListItem","position":1,"name":"Home","item":"https:\/\/drpillman.biz\/fr\/"},{"@type":"ListItem","position":2,"name":"Deltasone"}]},{"@type":"WebSite","@id":"https:\/\/drpillman.biz\/fr\/#website","url":"https:\/\/drpillman.biz\/fr\/","name":"Dr.Pillman","description":"","potentialAction":[{"@type":"SearchAction","target":{"@type":"EntryPoint","urlTemplate":"https:\/\/drpillman.biz\/fr\/?s={search_term_string}"},"query-input":{"@type":"PropertyValueSpecification","valueRequired":true,"valueName":"search_term_string"}}],"inLanguage":"fr-FR"}]}},"_links":{"self":[{"href":"https:\/\/drpillman.biz\/fr\/wp-json\/wp\/v2\/pages\/85","targetHints":{"allow":["GET"]}}],"collection":[{"href":"https:\/\/drpillman.biz\/fr\/wp-json\/wp\/v2\/pages"}],"about":[{"href":"https:\/\/drpillman.biz\/fr\/wp-json\/wp\/v2\/types\/page"}],"author":[{"embeddable":true,"href":"https:\/\/drpillman.biz\/fr\/wp-json\/wp\/v2\/users\/3"}],"replies":[{"embeddable":true,"href":"https:\/\/drpillman.biz\/fr\/wp-json\/wp\/v2\/comments?post=85"}],"version-history":[{"count":0,"href":"https:\/\/drpillman.biz\/fr\/wp-json\/wp\/v2\/pages\/85\/revisions"}],"wp:attachment":[{"href":"https:\/\/drpillman.biz\/fr\/wp-json\/wp\/v2\/media?parent=85"}],"curies":[{"name":"wp","href":"https:\/\/api.w.org\/{rel}","templated":true}]}}