{"id":88,"date":"2013-05-17T03:54:06","date_gmt":"2013-05-17T02:54:06","guid":{"rendered":"https:\/\/drpillman.biz\/?page_id=88"},"modified":"2024-05-20T19:59:08","modified_gmt":"2024-05-20T18:59:08","slug":"dexamethasone","status":"publish","type":"page","link":"https:\/\/drpillman.biz\/fr\/dexamethasone.htm","title":{"rendered":"Dexam\u00e9thasone"},"content":{"rendered":"<div id=\"content-center\">\n<div id=\"content-image\"><img decoding=\"async\" src=\"\/img\/Dexamethasone.jpg\" alt=\"Dexam\u00e9thasone\" \/><\/div>\n<div id=\"content-description\">\n<h1>Dexam\u00e9thasone<\/h1>\n<p> <code><a href=\"https:\/\/200pills.com\/search.html?lang=fr&#038;cur=EUR&#038;key=Dexamethasone\"> <button class=\"button-7\" role=\"button\">Cliquez ici pour acheter<\/button><\/a><\/code><\/p>\n<div class=\"gray\"><\/div>\n<div class=\"clear\"><\/div>\n<div id=\"description\">Un exemple de m\u00e9dicament tr\u00e8s polyvalent disponible sur le march\u00e9 pharmaceutique actuel est la dexam\u00e9thasone 0.5 mg. Ce m\u00e9dicament a une multitude d&#8217;utilisations diff\u00e9rentes et peut \u00eatre utilis\u00e9 comme m\u00e9thode de traitement pour un grand nombre de maladies et d&#8217;affections. La dexam\u00e9thasone fait partie de la classification des glucocortico\u00efdes des m\u00e9dicaments st\u00e9ro\u00efdiens, et lorsqu&#8217;il est administr\u00e9 par voie orale, ce m\u00e9dicament s&#8217;est av\u00e9r\u00e9 \u00eatre environ 27% plus puissant que l&#8217;hormone naturelle connue sous le nom de cortisol. C&#8217;est une bonne nouvelle pour les patients qui utilisent ce m\u00e9dicament, car une puissance plus \u00e9lev\u00e9e est souvent synonyme d&#8217;une m\u00e9thode de traitement plus efficace. Pour le b\u00e9n\u00e9fice de tous les types de professionnels de la sant\u00e9 et de patients, certaines des utilisations de la dexam\u00e9thasone ainsi que les avantages de l&#8217;acheter en ligne vont maintenant \u00eatre discut\u00e9s.<\/div>\n<div id=\"additional\">Synonymes : <span>Dexone<\/span><\/div>\n<\/div>\n<div class=\"clear\"><\/div>\n<h2>Qu&#8217;est-ce que la dexam\u00e9thasone ? Utilisations m\u00e9dicales<\/h2>\n<p>Les utilisations th\u00e9rapeutiques de la dexam\u00e9thasone sont tr\u00e8s \u00e9tendues ; certaines des principales utilisations sont les suivantes : m\u00e9dicament anti-inflammatoire, traitement oncologique et m\u00e9dicament contre le mal des montagnes. En ce qui concerne ses utilisations et propri\u00e9t\u00e9s anti-inflammatoires, la dexam\u00e9thasone 0.5 mg peut \u00eatre utilis\u00e9 pour contrer le choc anaphylactique qui peut souvent \u00eatre induit par des r\u00e9actions allergiques. Il peut \u00e9galement \u00eatre utilis\u00e9 comme traitement pour un large \u00e9ventail d&#8217;inflammations post-chirurgie dentaire (extraction d&#8217;une dent de sagesse par exemple), car la dexam\u00e9thasone peut soulager le gonflement prononc\u00e9 associ\u00e9 \u00e0 la chirurgie buccale.<\/p>\n<p>La dexam\u00e9thasone peut \u00e9galement \u00eatre utilis\u00e9e dans le traitement de la faciite plantaire. Ce traitement est unique car le m\u00e9dicament est inject\u00e9 directement dans le talon pour cette application particuli\u00e8re de la dexam\u00e9thasone. Un autre usage anti-inflammatoire de la dexam\u00e9thasone est l&#8217;administration du m\u00e9dicament aux patients souffrant de m\u00e9ningite bact\u00e9rienne avant qu&#8217;ils ne re\u00e7oivent leur traitement antibiotique. Le but est de r\u00e9duire la r\u00e9action anti-inflammatoire de l&#8217;organisme (cette r\u00e9action peut souvent nuire au patient) qu&#8217;il devrait normalement avoir face aux bact\u00e9ries d\u00e9truites par les m\u00e9dicaments antibiotiques. En ce qui concerne ses propri\u00e9t\u00e9s de traitement oncologique, la dexam\u00e9thasone est souvent administr\u00e9e aux patients soumis \u00e0 des r\u00e9gimes de chimioth\u00e9rapie dans le but de contrecarrer certains effets secondaires sp\u00e9cifiques associ\u00e9s aux traitements antitumoraux.<\/p>\n<p>Une autre utilisation importante de la dexam\u00e9thasone 0.5 mg chez les alpinistes et les personnes vivant en haute altitude. Lorsque les alpinistes s&#8217;aventurent \u00e0 des altitudes extr\u00eames, ils risquent de d\u00e9velopper des pathologies telles que l&#8217;\u0153d\u00e8me c\u00e9r\u00e9bral de haute altitude et\/ou l&#8217;\u0153d\u00e8me pulmonaire. La dexam\u00e9thasone est souvent emport\u00e9e dans les exp\u00e9ditions d&#8217;escalade, car elle est tr\u00e8s efficace pour lutter contre ces deux maladies de haute altitude. Bien que ces utilisations repr\u00e9sentent la majeure partie du potentiel de la dexam\u00e9thasone en tant que m\u00e9dicament, elle a encore beaucoup \u00e0 offrir, m\u00eame en termes de traitement d&#8217;autres maladies et conditions m\u00e9dicales.<\/p>\n<h2>Effets secondaires<\/h2>\n<p>Les effets secondaires de la dexam\u00e9thasone, tout comme ses utilisations, sont tr\u00e8s variables. Il s&#8217;agit d&#8217;un m\u00e9dicament qui ne doit pas \u00eatre associ\u00e9 \u00e0 de nombreux autres compos\u00e9s, tels que l&#8217;alcool ou les m\u00e9dicaments AINS, car ce type d&#8217;association peut augmenter le risque de d\u00e9velopper certaines complications. Certains utilisateurs de dexam\u00e9thasone peuvent pr\u00e9senter des sueurs nocturnes, certains types de r\u00e9actions allergiques, des maux d&#8217;estomac, des changements psychiatriques et certains peuvent d\u00e9velopper un certain degr\u00e9 de d\u00e9pendance au m\u00e9dicament.<\/p>\n<p>Dans l&#8217;ensemble, il s&#8217;agit d&#8217;un m\u00e9dicament tr\u00e8s utile, que l&#8217;on peut se procurer en ligne au Royaume-Uni \u00e0 un prix tr\u00e8s int\u00e9ressant. Acheter votre dexam\u00e9thasone en ligne est une bien meilleure alternative que de l&#8217;acheter dans un magasin ou aupr\u00e8s d&#8217;un d\u00e9taillant direct, car l&#8217;achat en ligne offre des prix beaucoup plus attractifs et une plus grande commodit\u00e9 pour les consommateurs.<\/p>\n<\/div>\n<h2>Le Myst\u00e8re de l&#8217;Obtention de Dexam\u00e9thasone sans Ordonnance<\/h2>\n<p>Il est crucial de comprendre que l&#8217;acquisition de dexam\u00e9thasone sans ordonnance en France est une question complexe et d\u00e9licate. Cette cortico\u00efde puissante est souvent utilis\u00e9e pour traiter une vari\u00e9t\u00e9 de conditions inflammatoires, mais son utilisation sans supervision m\u00e9dicale peut entra\u00eener des complications graves. Malgr\u00e9 cela, il existe des situations o\u00f9 les patients cherchent d\u00e9sesp\u00e9r\u00e9ment \u00e0 obtenir ce m\u00e9dicament sans consulter un m\u00e9decin, entra\u00eenant un d\u00e9sir explosif d&#8217;acc\u00e8s direct. Certains individus sont tent\u00e9s de contourner le processus traditionnel en recherchant des voies alternatives pour se procurer ce m\u00e9dicament, exacerbant ainsi le myst\u00e8re entourant son accessibilit\u00e9 sans ordonnance. Cependant, il est imp\u00e9ratif de souligner que l&#8217;achat de dexam\u00e9thasone sans ordonnance comporte des risques consid\u00e9rables pour la sant\u00e9 publique, car cela peut entra\u00eener une utilisation inappropri\u00e9e et des effets secondaires n\u00e9fastes.En r\u00e9sum\u00e9, bien que la tentation d&#8217;acqu\u00e9rir de la dexam\u00e9thasone sans ordonnance puisse \u00eatre grande, il est essentiel de reconna\u00eetre les dangers potentiels associ\u00e9s \u00e0 une telle d\u00e9marche. Il est fortement recommand\u00e9 de consulter un professionnel de la sant\u00e9 qualifi\u00e9 pour obtenir des conseils appropri\u00e9s sur l&#8217;utilisation de ce m\u00e9dicament.<\/p>\n","protected":false},"excerpt":{"rendered":"<p>Dexam\u00e9thasone Cliquez ici pour acheter Un exemple de m\u00e9dicament tr\u00e8s polyvalent disponible sur le march\u00e9 pharmaceutique actuel est la dexam\u00e9thasone<\/p>\n","protected":false},"author":3,"featured_media":0,"parent":0,"menu_order":0,"comment_status":"closed","ping_status":"closed","template":"","meta":{"_lmt_disableupdate":"no","_lmt_disable":"no","footnotes":""},"class_list":["post-88","page","type-page","status-publish","hentry"],"translation":{"provider":"WPGlobus","version":"3.0.2","language":"fr","enabled_languages":["en","es","fr"],"languages":{"en":{"title":true,"content":true,"excerpt":false},"es":{"title":true,"content":true,"excerpt":false},"fr":{"title":true,"content":true,"excerpt":false}}},"yoast_head":"<!-- This site is optimized with the Yoast SEO plugin v27.4 - https:\/\/yoast.com\/product\/yoast-seo-wordpress\/ -->\n<title>Acheter Dexam\u00e9thasone 0,5 mg en ligne sans ordonnance en France<\/title>\n<meta name=\"description\" content=\"Achetez de la dexam\u00e9thasone 0,5 mg si vous cherchez une chance de d\u00e9penser moins d&#039;argent. Ce m\u00e9dicament est un st\u00e9ro\u00efde utilis\u00e9 pour supprimer votre syst\u00e8me immunitaire et r\u00e9duire l&#039;inflammation.\" \/>\n<meta name=\"robots\" content=\"index, follow, max-snippet:-1, max-image-preview:large, max-video-preview:-1\" \/>\n<link rel=\"canonical\" href=\"https:\/\/drpillman.biz\/fr\/dexamethasone.htm\" \/>\n<meta property=\"og:locale\" content=\"fr_FR\" \/>\n<meta property=\"og:type\" content=\"article\" \/>\n<meta property=\"og:title\" content=\"Acheter Dexam\u00e9thasone 0,5 mg en ligne sans ordonnance en France\" \/>\n<meta property=\"og:description\" content=\"Achetez de la dexam\u00e9thasone 0,5 mg si vous cherchez une chance de d\u00e9penser moins d&#039;argent. Ce m\u00e9dicament est un st\u00e9ro\u00efde utilis\u00e9 pour supprimer votre syst\u00e8me immunitaire et r\u00e9duire l&#039;inflammation.\" \/>\n<meta property=\"og:url\" content=\"https:\/\/drpillman.biz\/fr\/dexamethasone.htm\" \/>\n<meta property=\"og:site_name\" content=\"Dr.Pillman\" \/>\n<meta property=\"article:modified_time\" content=\"2024-05-20T18:59:08+00:00\" \/>\n<meta name=\"twitter:card\" content=\"summary_large_image\" \/>\n<script type=\"application\/ld+json\" class=\"yoast-schema-graph\">{\"@context\":\"https:\\\/\\\/schema.org\",\"@graph\":[{\"@type\":\"WebPage\",\"@id\":\"https:\\\/\\\/drpillman.biz\\\/fr\\\/dexamethasone.htm\",\"url\":\"https:\\\/\\\/drpillman.biz\\\/fr\\\/dexamethasone.htm\",\"name\":\"Acheter Dexam\u00e9thasone 0,5 mg en ligne sans ordonnance en France\",\"isPartOf\":{\"@id\":\"http:\\\/\\\/drpillman.biz\\\/#website\"},\"datePublished\":\"2013-05-17T02:54:06+00:00\",\"dateModified\":\"2024-05-20T18:59:08+00:00\",\"description\":\"Achetez de la dexam\u00e9thasone 0,5 mg si vous cherchez une chance de d\u00e9penser moins d'argent. Ce m\u00e9dicament est un st\u00e9ro\u00efde utilis\u00e9 pour supprimer votre syst\u00e8me immunitaire et r\u00e9duire l'inflammation.\",\"breadcrumb\":{\"@id\":\"https:\\\/\\\/drpillman.biz\\\/fr\\\/dexamethasone.htm#breadcrumb\"},\"inLanguage\":\"fr-FR\",\"potentialAction\":[{\"@type\":\"ReadAction\",\"target\":[\"https:\\\/\\\/drpillman.biz\\\/fr\\\/dexamethasone.htm\"]}]},{\"@type\":\"BreadcrumbList\",\"@id\":\"https:\\\/\\\/drpillman.biz\\\/fr\\\/dexamethasone.htm#breadcrumb\",\"itemListElement\":[{\"@type\":\"ListItem\",\"position\":1,\"name\":\"Home\",\"item\":\"http:\\\/\\\/drpillman.biz\\\/\"},{\"@type\":\"ListItem\",\"position\":2,\"name\":\"Dexam\u00e9thasone\"}]},{\"@type\":\"WebSite\",\"@id\":\"http:\\\/\\\/drpillman.biz\\\/#website\",\"url\":\"http:\\\/\\\/drpillman.biz\\\/\",\"name\":\"Dr.Pillman\",\"description\":\"\",\"potentialAction\":[{\"@type\":\"SearchAction\",\"target\":{\"@type\":\"EntryPoint\",\"urlTemplate\":\"http:\\\/\\\/drpillman.biz\\\/?s={search_term_string}\"},\"query-input\":{\"@type\":\"PropertyValueSpecification\",\"valueRequired\":true,\"valueName\":\"search_term_string\"}}],\"inLanguage\":\"fr-FR\"}]}<\/script>\n<!-- \/ Yoast SEO plugin. -->","yoast_head_json":{"title":"Acheter Dexam\u00e9thasone 0,5 mg en ligne sans ordonnance en France","description":"Achetez de la dexam\u00e9thasone 0,5 mg si vous cherchez une chance de d\u00e9penser moins d'argent. Ce m\u00e9dicament est un st\u00e9ro\u00efde utilis\u00e9 pour supprimer votre syst\u00e8me immunitaire et r\u00e9duire l'inflammation.","robots":{"index":"index","follow":"follow","max-snippet":"max-snippet:-1","max-image-preview":"max-image-preview:large","max-video-preview":"max-video-preview:-1"},"canonical":"https:\/\/drpillman.biz\/fr\/dexamethasone.htm","og_locale":"fr_FR","og_type":"article","og_title":"Acheter Dexam\u00e9thasone 0,5 mg en ligne sans ordonnance en France","og_description":"Achetez de la dexam\u00e9thasone 0,5 mg si vous cherchez une chance de d\u00e9penser moins d'argent. Ce m\u00e9dicament est un st\u00e9ro\u00efde utilis\u00e9 pour supprimer votre syst\u00e8me immunitaire et r\u00e9duire l'inflammation.","og_url":"https:\/\/drpillman.biz\/fr\/dexamethasone.htm","og_site_name":"Dr.Pillman","article_modified_time":"2024-05-20T18:59:08+00:00","twitter_card":"summary_large_image","schema":{"@context":"https:\/\/schema.org","@graph":[{"@type":"WebPage","@id":"https:\/\/drpillman.biz\/fr\/dexamethasone.htm","url":"https:\/\/drpillman.biz\/fr\/dexamethasone.htm","name":"Acheter Dexam\u00e9thasone 0,5 mg en ligne sans ordonnance en France","isPartOf":{"@id":"http:\/\/drpillman.biz\/#website"},"datePublished":"2013-05-17T02:54:06+00:00","dateModified":"2024-05-20T18:59:08+00:00","description":"Achetez de la dexam\u00e9thasone 0,5 mg si vous cherchez une chance de d\u00e9penser moins d'argent. Ce m\u00e9dicament est un st\u00e9ro\u00efde utilis\u00e9 pour supprimer votre syst\u00e8me immunitaire et r\u00e9duire l'inflammation.","breadcrumb":{"@id":"https:\/\/drpillman.biz\/fr\/dexamethasone.htm#breadcrumb"},"inLanguage":"fr-FR","potentialAction":[{"@type":"ReadAction","target":["https:\/\/drpillman.biz\/fr\/dexamethasone.htm"]}]},{"@type":"BreadcrumbList","@id":"https:\/\/drpillman.biz\/fr\/dexamethasone.htm#breadcrumb","itemListElement":[{"@type":"ListItem","position":1,"name":"Home","item":"http:\/\/drpillman.biz\/"},{"@type":"ListItem","position":2,"name":"Dexam\u00e9thasone"}]},{"@type":"WebSite","@id":"http:\/\/drpillman.biz\/#website","url":"http:\/\/drpillman.biz\/","name":"Dr.Pillman","description":"","potentialAction":[{"@type":"SearchAction","target":{"@type":"EntryPoint","urlTemplate":"http:\/\/drpillman.biz\/?s={search_term_string}"},"query-input":{"@type":"PropertyValueSpecification","valueRequired":true,"valueName":"search_term_string"}}],"inLanguage":"fr-FR"}]}},"_links":{"self":[{"href":"https:\/\/drpillman.biz\/fr\/wp-json\/wp\/v2\/pages\/88","targetHints":{"allow":["GET"]}}],"collection":[{"href":"https:\/\/drpillman.biz\/fr\/wp-json\/wp\/v2\/pages"}],"about":[{"href":"https:\/\/drpillman.biz\/fr\/wp-json\/wp\/v2\/types\/page"}],"author":[{"embeddable":true,"href":"https:\/\/drpillman.biz\/fr\/wp-json\/wp\/v2\/users\/3"}],"replies":[{"embeddable":true,"href":"https:\/\/drpillman.biz\/fr\/wp-json\/wp\/v2\/comments?post=88"}],"version-history":[{"count":0,"href":"https:\/\/drpillman.biz\/fr\/wp-json\/wp\/v2\/pages\/88\/revisions"}],"wp:attachment":[{"href":"https:\/\/drpillman.biz\/fr\/wp-json\/wp\/v2\/media?parent=88"}],"curies":[{"name":"wp","href":"https:\/\/api.w.org\/{rel}","templated":true}]}}