{"id":91,"date":"2013-03-23T05:17:25","date_gmt":"2013-03-23T05:17:25","guid":{"rendered":"https:\/\/drpillman.biz\/?page_id=91"},"modified":"2024-05-17T19:51:19","modified_gmt":"2024-05-17T18:51:19","slug":"diclofenac","status":"publish","type":"page","link":"https:\/\/drpillman.biz\/fr\/diclofenac.htm","title":{"rendered":"Diclof\u00e9nac"},"content":{"rendered":"<div id=\"content-center\">\n<div id=\"content-image\"><img decoding=\"async\" src=\"\/img\/Diclofenac.jpg\" alt=\"Diclof\u00e9nac\" \/><\/div>\n<div id=\"content-description\">\n<h1>Diclofenac<\/h1>\n<p> <code><a href=\"https:\/\/200pills.com\/search.html?lang=fr&#038;cur=EUR&#038;key=Diclofenac\"> <button class=\"button-7\" role=\"button\">Cliquez ici pour acheter<\/button><\/a><\/code><\/p>\n<div class=\"gray\"><\/div>\n<div class=\"clear\"><\/div>\n<div id=\"description\">Le diclof\u00e9nac est un m\u00e9dicament anti-inflammatoire non st\u00e9ro\u00efdien utilis\u00e9 pour le traitement de la douleur et de l&#8217;inflammation. Ce m\u00e9dicament peut \u00e9galement \u00eatre prescrit pour traiter une crise de migraine. Le diclof\u00e9nac n&#8217;est pas con\u00e7u pour les c\u00e9phal\u00e9es en grappe et ne doit pas \u00eatre utilis\u00e9 dans ce cas.<\/div>\n<div id=\"additional\">Synonymes : <span>Voltaren<\/span><\/div>\n<\/div>\n<div class=\"clear\"><\/div>\n<p>Le diclof\u00e9nac (diclof\u00e9nac sodique) fait partie de la classe des m\u00e9dicaments anti-inflammatoires non st\u00e9ro\u00efdiens. Ce m\u00e9dicament est utilis\u00e9 pour soulager l&#8217;inflammation et la douleur dans le corps caus\u00e9es par l&#8217;arthrite rhumato\u00efde ou l&#8217;ost\u00e9oarthrite et d&#8217;autres affections de ce type. Le diclof\u00e9nac peut \u00e9galement \u00eatre pris pour d&#8217;autres affections douloureuses, notamment les crampes menstruelles et la spondylarthrite ankylosante. Lorsque vous achetez du diclof\u00e9nac sodique dans votre pharmacie locale ou en ligne, vous devez conna\u00eetre la dose dont vous avez besoin. La dose la plus courante de diclof\u00e9nac est de 50 mg, \u00e0 prendre 2 \u00e0 4 fois par jour, en fonction du probl\u00e8me \u00e0 traiter. Vous devez toujours suivre les instructions de votre m\u00e9decin ou celles figurant sur l&#8217;\u00e9tiquette du Diclofenac pour \u00eatre s\u00fbr de b\u00e9n\u00e9ficier du traitement comme pr\u00e9vu. Si le diclof\u00e9nac sodique 50 mg n&#8217;agit pas comme pr\u00e9vu, informez-en votre m\u00e9decin pour savoir si un ajustement de la dose est n\u00e9cessaire. Vous pouvez acheter du diclof\u00e9nac en ligne apr\u00e8s avoir discut\u00e9 avec votre m\u00e9decin de tous les autres probl\u00e8mes m\u00e9dicaux que vous pr\u00e9sentez, en particulier les maladies cardiaques, r\u00e9nales ou h\u00e9patiques, l&#8217;asthme, les ant\u00e9c\u00e9dents de crise cardiaque, l&#8217;hypertension art\u00e9rielle ou l&#8217;insuffisance cardiaque congestive, car la dose et le programme de traitement peuvent d\u00e9pendre de cet aspect. Si vous \u00eates enceinte au moment de commencer le traitement, assurez-vous que votre m\u00e9decin en est inform\u00e9. La prise de diclof\u00e9nac pendant le troisi\u00e8me trimestre de la grossesse peut nuire \u00e0 l&#8217;enfant. Vous ne devez pas prendre de diclof\u00e9nac si vous allaitez, car on ne sait pas s&#8217;il passe dans le lait maternel et dans quelle mesure il peut nuire \u00e0 votre enfant.<\/p>\n<h2>Effets secondaires<\/h2>\n<p>Certains des effets secondaires que le diclof\u00e9nac peut provoquer n\u00e9cessitent une attention m\u00e9dicale, en particulier l&#8217;essoufflement, les troubles de l&#8217;\u00e9quilibre ou de la vision, la jaunisse, une sensibilit\u00e9 accrue \u00e0 la lumi\u00e8re, une r\u00e9action cutan\u00e9e grave ou une toux sanguine. Dans la plupart des cas, cependant, le patient n&#8217;aura aucun effet secondaire ou n&#8217;en ressentira que quelques-uns, l\u00e9gers et de courte dur\u00e9e, tels que constipation, maux de t\u00eate, d\u00e9mangeaisons cutan\u00e9es, diarrh\u00e9e, ballonnements, maux d&#8217;estomac et l\u00e9g\u00e8res br\u00fblures d&#8217;estomac.<\/p>\n<\/div>\n<h2>Obtention de Diclof\u00e9nac sans ordonnance en France : Un Parcours D\u00e9concertant<\/h2>\n<p>Mon cher lecteur, vous vous demandez peut-\u00eatre s&#8217;il est possible d&#8217;acqu\u00e9rir du Diclof\u00e9nac sans ordonnance en France. Eh bien, laissez-moi vous dire que cette question suscite une certaine perplexit\u00e9 parmi les citoyens. Le Diclof\u00e9nac, un anti-inflammatoire non st\u00e9ro\u00efdien (AINS) largement utilis\u00e9, est-il accessible sans l&#8217;indispensable s\u00e9same m\u00e9dical, l&#8217;ordonnance ? La r\u00e9ponse, aussi explosive soit-elle, est \u00e0 la fois simple et complexe.En France, notre syst\u00e8me de sant\u00e9 est r\u00e9gi par des r\u00e8gles strictes en ce qui concerne l&#8217;obtention de m\u00e9dicaments, particuli\u00e8rement ceux comme le Diclof\u00e9nac, qui peuvent pr\u00e9senter des risques s&#8217;ils sont mal utilis\u00e9s. Cependant, il existe des exceptions \u00e0 cette r\u00e8gle, des chemins d\u00e9tourn\u00e9s, si vous voulez, pour obtenir certains m\u00e9dicaments sans passer par la case consultation m\u00e9dicale.La vente de m\u00e9dicaments sans ordonnance est encadr\u00e9e par la loi fran\u00e7aise, mais elle n&#8217;est pas compl\u00e8tement absente. Dans certaines pharmacies, vous pourriez trouver du Diclof\u00e9nac en vente libre, mais cela d\u00e9pend de la forme et de la dose du m\u00e9dicament. Par exemple, des cr\u00e8mes ou des gels contenant du Diclof\u00e9nac peuvent \u00eatre disponibles sans ordonnance, tandis que les comprim\u00e9s n\u00e9cessitent g\u00e9n\u00e9ralement une prescription.Cependant, m\u00eame si vous pouvez mettre la main sur du Diclof\u00e9nac sans ordonnance, il est crucial de faire preuve de prudence et de respecter les posologies recommand\u00e9es. L&#8217;auto-m\u00e9dication peut comporter des risques pour votre sant\u00e9, surtout si vous souffrez de certaines conditions m\u00e9dicales ou si vous prenez d&#8217;autres m\u00e9dicaments. Dans le doute, il est toujours pr\u00e9f\u00e9rable de consulter un professionnel de la sant\u00e9.En conclusion, obtenir du Diclof\u00e9nac sans ordonnance en France peut sembler \u00eatre un d\u00e9dale complexe, mais des possibilit\u00e9s existent. Cependant, il est essentiel de peser les risques et les avantages avant de se lancer dans cette d\u00e9marche. La sant\u00e9 est pr\u00e9cieuse, et il vaut mieux naviguer dans ce domaine avec prudence et discernement.<\/p>\n","protected":false},"excerpt":{"rendered":"<p>Diclofenac Cliquez ici pour acheter Le diclof\u00e9nac est un m\u00e9dicament anti-inflammatoire non st\u00e9ro\u00efdien utilis\u00e9 pour le traitement de la douleur<\/p>\n","protected":false},"author":3,"featured_media":0,"parent":0,"menu_order":0,"comment_status":"closed","ping_status":"closed","template":"","meta":{"_lmt_disableupdate":"no","_lmt_disable":"no","footnotes":""},"class_list":["post-91","page","type-page","status-publish","hentry"],"translation":{"provider":"WPGlobus","version":"3.0.2","language":"fr","enabled_languages":["en","es","fr"],"languages":{"en":{"title":true,"content":true,"excerpt":false},"es":{"title":true,"content":true,"excerpt":false},"fr":{"title":true,"content":true,"excerpt":false}}},"yoast_head":"<!-- This site is optimized with the Yoast SEO plugin v27.4 - https:\/\/yoast.com\/product\/yoast-seo-wordpress\/ -->\n<title>Acheter Diclof\u00e9nac 50, 100 mg en ligne sans ordonnance en France<\/title>\n<meta name=\"description\" content=\"Si vous devez payer moins pour votre traitement tout en vous d\u00e9barrassant de l&#039;inflammation et de la douleur, vous devez acheter du diclof\u00e9nac sodium 50 mg sur Internet dans une pharmacie en qui vous pouvez faire confiance et peut venir \u00e0 chaque fois.\" \/>\n<meta name=\"robots\" content=\"index, follow, max-snippet:-1, max-image-preview:large, max-video-preview:-1\" \/>\n<link rel=\"canonical\" href=\"http:\/\/drpillman.biz\/es\/diclofenac.htm\" \/>\n<meta property=\"og:locale\" content=\"fr_FR\" \/>\n<meta property=\"og:type\" content=\"article\" \/>\n<meta property=\"og:title\" content=\"Acheter Diclof\u00e9nac 50, 100 mg en ligne sans ordonnance en France\" \/>\n<meta property=\"og:description\" content=\"Si vous devez payer moins pour votre traitement tout en vous d\u00e9barrassant de l&#039;inflammation et de la douleur, vous devez acheter du diclof\u00e9nac sodium 50 mg sur Internet dans une pharmacie en qui vous pouvez faire confiance et peut venir \u00e0 chaque fois.\" \/>\n<meta property=\"og:url\" content=\"http:\/\/drpillman.biz\/es\/diclofenac.htm\" \/>\n<meta property=\"og:site_name\" content=\"Dr.Pillman\" \/>\n<meta property=\"article:modified_time\" content=\"2024-05-17T18:51:19+00:00\" \/>\n<meta name=\"twitter:card\" content=\"summary_large_image\" \/>\n<script type=\"application\/ld+json\" class=\"yoast-schema-graph\">{\"@context\":\"https:\\\/\\\/schema.org\",\"@graph\":[{\"@type\":\"WebPage\",\"@id\":\"http:\\\/\\\/drpillman.biz\\\/es\\\/diclofenac.htm\",\"url\":\"http:\\\/\\\/drpillman.biz\\\/es\\\/diclofenac.htm\",\"name\":\"Compre diclofenac sodium 50 mg en l\u00ednea para obtener todos los beneficios que ofrecen las compras en l\u00ednea\",\"isPartOf\":{\"@id\":\"http:\\\/\\\/drpillman.biz\\\/#website\"},\"datePublished\":\"2013-03-23T05:17:25+00:00\",\"dateModified\":\"2024-05-17T18:51:19+00:00\",\"description\":\"Si vous devez payer moins pour votre traitement tout en vous d\u00e9barrassant de l'inflammation et de la douleur, vous devez acheter du diclof\u00e9nac sodium 50 mg sur Internet dans une pharmacie en qui vous pouvez faire confiance et peut venir \u00e0 chaque fois.\",\"breadcrumb\":{\"@id\":\"http:\\\/\\\/drpillman.biz\\\/es\\\/diclofenac.htm#breadcrumb\"},\"inLanguage\":\"fr-FR\",\"potentialAction\":[{\"@type\":\"ReadAction\",\"target\":[\"http:\\\/\\\/drpillman.biz\\\/es\\\/diclofenac.htm\"]}]},{\"@type\":\"BreadcrumbList\",\"@id\":\"http:\\\/\\\/drpillman.biz\\\/es\\\/diclofenac.htm#breadcrumb\",\"itemListElement\":[{\"@type\":\"ListItem\",\"position\":1,\"name\":\"Home\",\"item\":\"http:\\\/\\\/drpillman.biz\\\/\"},{\"@type\":\"ListItem\",\"position\":2,\"name\":\"Diclofenaco\"}]},{\"@type\":\"WebSite\",\"@id\":\"http:\\\/\\\/drpillman.biz\\\/#website\",\"url\":\"http:\\\/\\\/drpillman.biz\\\/\",\"name\":\"Dr.Pillman\",\"description\":\"\",\"potentialAction\":[{\"@type\":\"SearchAction\",\"target\":{\"@type\":\"EntryPoint\",\"urlTemplate\":\"http:\\\/\\\/drpillman.biz\\\/?s={search_term_string}\"},\"query-input\":{\"@type\":\"PropertyValueSpecification\",\"valueRequired\":true,\"valueName\":\"search_term_string\"}}],\"inLanguage\":\"fr-FR\"}]}<\/script>\n<!-- \/ Yoast SEO plugin. -->","yoast_head_json":{"title":"Acheter Diclof\u00e9nac 50, 100 mg en ligne sans ordonnance en France","description":"Si vous devez payer moins pour votre traitement tout en vous d\u00e9barrassant de l'inflammation et de la douleur, vous devez acheter du diclof\u00e9nac sodium 50 mg sur Internet dans une pharmacie en qui vous pouvez faire confiance et peut venir \u00e0 chaque fois.","robots":{"index":"index","follow":"follow","max-snippet":"max-snippet:-1","max-image-preview":"max-image-preview:large","max-video-preview":"max-video-preview:-1"},"canonical":"http:\/\/drpillman.biz\/es\/diclofenac.htm","og_locale":"fr_FR","og_type":"article","og_title":"Acheter Diclof\u00e9nac 50, 100 mg en ligne sans ordonnance en France","og_description":"Si vous devez payer moins pour votre traitement tout en vous d\u00e9barrassant de l'inflammation et de la douleur, vous devez acheter du diclof\u00e9nac sodium 50 mg sur Internet dans une pharmacie en qui vous pouvez faire confiance et peut venir \u00e0 chaque fois.","og_url":"http:\/\/drpillman.biz\/es\/diclofenac.htm","og_site_name":"Dr.Pillman","article_modified_time":"2024-05-17T18:51:19+00:00","twitter_card":"summary_large_image","schema":{"@context":"https:\/\/schema.org","@graph":[{"@type":"WebPage","@id":"http:\/\/drpillman.biz\/es\/diclofenac.htm","url":"http:\/\/drpillman.biz\/es\/diclofenac.htm","name":"Compre diclofenac sodium 50 mg en l\u00ednea para obtener todos los beneficios que ofrecen las compras en l\u00ednea","isPartOf":{"@id":"http:\/\/drpillman.biz\/#website"},"datePublished":"2013-03-23T05:17:25+00:00","dateModified":"2024-05-17T18:51:19+00:00","description":"Si vous devez payer moins pour votre traitement tout en vous d\u00e9barrassant de l'inflammation et de la douleur, vous devez acheter du diclof\u00e9nac sodium 50 mg sur Internet dans une pharmacie en qui vous pouvez faire confiance et peut venir \u00e0 chaque fois.","breadcrumb":{"@id":"http:\/\/drpillman.biz\/es\/diclofenac.htm#breadcrumb"},"inLanguage":"fr-FR","potentialAction":[{"@type":"ReadAction","target":["http:\/\/drpillman.biz\/es\/diclofenac.htm"]}]},{"@type":"BreadcrumbList","@id":"http:\/\/drpillman.biz\/es\/diclofenac.htm#breadcrumb","itemListElement":[{"@type":"ListItem","position":1,"name":"Home","item":"http:\/\/drpillman.biz\/"},{"@type":"ListItem","position":2,"name":"Diclofenaco"}]},{"@type":"WebSite","@id":"http:\/\/drpillman.biz\/#website","url":"http:\/\/drpillman.biz\/","name":"Dr.Pillman","description":"","potentialAction":[{"@type":"SearchAction","target":{"@type":"EntryPoint","urlTemplate":"http:\/\/drpillman.biz\/?s={search_term_string}"},"query-input":{"@type":"PropertyValueSpecification","valueRequired":true,"valueName":"search_term_string"}}],"inLanguage":"fr-FR"}]}},"_links":{"self":[{"href":"https:\/\/drpillman.biz\/fr\/wp-json\/wp\/v2\/pages\/91","targetHints":{"allow":["GET"]}}],"collection":[{"href":"https:\/\/drpillman.biz\/fr\/wp-json\/wp\/v2\/pages"}],"about":[{"href":"https:\/\/drpillman.biz\/fr\/wp-json\/wp\/v2\/types\/page"}],"author":[{"embeddable":true,"href":"https:\/\/drpillman.biz\/fr\/wp-json\/wp\/v2\/users\/3"}],"replies":[{"embeddable":true,"href":"https:\/\/drpillman.biz\/fr\/wp-json\/wp\/v2\/comments?post=91"}],"version-history":[{"count":0,"href":"https:\/\/drpillman.biz\/fr\/wp-json\/wp\/v2\/pages\/91\/revisions"}],"wp:attachment":[{"href":"https:\/\/drpillman.biz\/fr\/wp-json\/wp\/v2\/media?parent=91"}],"curies":[{"name":"wp","href":"https:\/\/api.w.org\/{rel}","templated":true}]}}