{"id":94,"date":"2013-05-09T05:03:43","date_gmt":"2013-05-09T04:03:43","guid":{"rendered":"https:\/\/drpillman.biz\/?page_id=94"},"modified":"2024-05-17T19:54:45","modified_gmt":"2024-05-17T18:54:45","slug":"diflucan","status":"publish","type":"page","link":"https:\/\/drpillman.biz\/fr\/diflucan.htm","title":{"rendered":"Diflucan"},"content":{"rendered":"<div id=\"content-center\">\n<div id=\"content-image\">\n\t\t\t\t\t<img decoding=\"async\" src=\"\/img\/Diflucan.jpg\" alt=\"Diflucan\">\t\t\t\t<\/div>\n<div id=\"content-description\">\n<h1>Diflucan<\/h1>\n<p> <code><a href=\"https:\/\/200pills.com\/search.html?lang=fr&#038;cur=EUR&#038;key=Diflucan\"> <button class=\"button-7\" role=\"button\">Cliquez ici pour acheter<\/button><\/a><\/code><\/p>\n<div class=\"clear\"><\/div>\n<div id=\"description\">\n\t\t\t\t\t\tLe Diflucan est un antifongique azol\u00e9 utilis\u00e9 pour le traitement des patients souffrant d&#8217;infections \u00e0 levures et d&#8217;infections caus\u00e9es par la propagation de champignons. Ses effets sont bas\u00e9s sur l&#8217;arr\u00eat de la propagation des champignons, le soulagement des sympt\u00f4mes et l&#8217;aide apport\u00e9e \u00e0 l&#8217;organisme pour contenir l&#8217;infection plus efficacement.\t\t\t\t\t<\/div>\n<div id=\"additional\">\n\t\t\t\t\t\tSynonymes :<span> Fluconazole<\/span>\n\t\t\t\t\t<\/div>\n<\/p><\/div>\n<div class=\"clear\"><\/div>\n<p>Le Diflucan est un m\u00e9dicament de la classe des antifongiques azol\u00e9s qui peut arr\u00eater la propagation de certains types de champignons dans le corps. Diflucan est recommand\u00e9 en cas de muguet, d&#8217;infection fongique de l&#8217;\u0153sophage, d&#8217;infection des voies urinaires caus\u00e9e par le champignon Candida Albicans, de candidose et d&#8217;infection fongique \u00e0 Candida affectant les ongles, la peau ou les ongles du patient. Diflucan 150 mg La pilule est la dose la plus courante du m\u00e9dicament et peut \u00eatre achet\u00e9e en ligne. Lorsque vous achetez du Diflucan en ligne, la chose la plus importante est d&#8217;avoir une pharmacie de confiance qui vous attend. Une bonne pharmacie en ligne propose des prix comp\u00e9titifs, des garanties d&#8217;anonymat total et une livraison rapide. Dans le cas du Diflucan, plus t\u00f4t vous commencez le traitement, mieux il se d\u00e9roulera, et il est donc important de savoir combien de temps une pharmacie en ligne prendra pour livrer le Diflucan lorsque vous l&#8217;achetez en ligne aupr\u00e8s d&#8217;elle. Les pharmacies en ligne sont un moyen pratique d&#8217;acheter du Diflucan sans avoir \u00e0 obtenir une ordonnance et \u00e0 d\u00e9penser plus d&#8217;argent que vous ne pouvez vous le permettre. Le Diflucan est destin\u00e9 \u00e0 \u00eatre administr\u00e9 par voie orale et doit \u00eatre pris d&#8217;une certaine mani\u00e8re \u00e0 chaque fois (avec ou sans nourriture). Vous devrez peut-\u00eatre prendre 150 mg de Diflucan une \u00e0 quatre fois par jour. Votre m\u00e9decin peut vous recommander une dose plus \u00e9lev\u00e9e, soit un comprim\u00e9 au lieu de quatre, contenant 150 mg de l&#8217;ingr\u00e9dient actif. Vous devez poursuivre le traitement pendant toute la dur\u00e9e prescrite, m\u00eame si les sympt\u00f4mes s&#8217;att\u00e9nuent. L&#8217;am\u00e9lioration des sympt\u00f4mes ne signifie pas toujours que l&#8217;infection a \u00e9t\u00e9 compl\u00e8tement gu\u00e9rie.<\/p>\n<h2>Effets secondaires<\/h2>\n<p>Les patients prenant du Diflucan peuvent parfois ressentir quelques effets secondaires d&#8217;intensit\u00e9 variable. Les effets secondaires mineurs tels que les vertiges, les naus\u00e9es, les vomissements, les maux de t\u00eate, les maux d&#8217;estomac, la diarrh\u00e9e et la perte de cheveux doivent \u00eatre surveill\u00e9s de pr\u00e8s afin de s&#8217;assurer qu&#8217;ils disparaissent d&#8217;eux-m\u00eames peu de temps apr\u00e8s le d\u00e9but du traitement. En cas d&#8217;effets plus graves, tels qu&#8217;une \u00e9ruption cutan\u00e9e, des vertiges s\u00e9v\u00e8res, des difficult\u00e9s respiratoires, des d\u00e9mangeaisons ou un gonflement, il convient de demander une aide m\u00e9dicale d&#8217;urgence.<\/p>\n<\/p><\/div>\n<h2>La V\u00e9rit\u00e9 Sur l&#8217;Obtention de Diflucan Sans Ordonnance en France<\/h2>\n<p>Ah, la question br\u00fblante qui tourmente tant de gens: Est-il possible d&#8217;acqu\u00e9rir du Diflucan sans ordonnance en France? Cette interrogation persistante, tel un \u00e9cho dans les couloirs des pharmacies, suscite un maelstrom d&#8217;\u00e9motions et de perplexit\u00e9s chez ceux qui en ont besoin. Laissez-moi vous plonger dans ce tumulte de possibilit\u00e9s.Tout d&#8217;abord, il est crucial de comprendre la nature complexe de la r\u00e9glementation pharmaceutique fran\u00e7aise. La loi stipule clairement que certains m\u00e9dicaments, dont le Diflucan, n\u00e9cessitent une ordonnance m\u00e9dicale pour \u00eatre d\u00e9livr\u00e9s. Cependant, il existe des nuances dans cette directive qui peuvent sembler d\u00e9concertantes pour certains.Le flou surgit lorsque l&#8217;on consid\u00e8re les pharmacies en ligne et les politiques de vente sans ordonnance. Certaines de ces plateformes proposent le Diflucan sans la n\u00e9cessit\u00e9 d&#8217;une prescription m\u00e9dicale, attisant ainsi les espoirs de ceux qui cherchent une solution rapide \u00e0 leurs maux. Mais attention, mes amis, car naviguer dans ce labyrinthe de possibilit\u00e9s peut mener \u00e0 des eaux troubles.La question de la l\u00e9galit\u00e9 se profile alors comme un spectre inqui\u00e9tant. Bien que certains sites proposent le Diflucan sans ordonnance, il est imp\u00e9ratif de se demander si ces pratiques respectent v\u00e9ritablement les lois en vigueur. Et que dire de la qualit\u00e9 et de la s\u00e9curit\u00e9 de ces produits? Se fier \u00e0 des sources douteuses peut mettre en p\u00e9ril votre sant\u00e9, un fait qui ne devrait pas \u00eatre pris \u00e0 la l\u00e9g\u00e8re.En conclusion, bien qu&#8217;il soit techniquement possible de trouver du Diflucan sans ordonnance en France, je vous exhorte \u00e0 agir avec prudence et discernement. Consultez toujours un professionnel de la sant\u00e9 qualifi\u00e9 avant de prendre des d\u00e9cisions qui pourraient affecter votre bien-\u00eatre. Souvenez-vous, la sant\u00e9 n&#8217;a pas de prix, et prendre des risques inconsid\u00e9r\u00e9s n&#8217;en vaut jamais la peine.<\/p>\n","protected":false},"excerpt":{"rendered":"<p>Diflucan Cliquez ici pour acheter Le Diflucan est un antifongique azol\u00e9 utilis\u00e9 pour le traitement des patients souffrant d&#8217;infections \u00e0<\/p>\n","protected":false},"author":3,"featured_media":0,"parent":0,"menu_order":0,"comment_status":"closed","ping_status":"closed","template":"","meta":{"_lmt_disableupdate":"no","_lmt_disable":"no","footnotes":""},"class_list":["post-94","page","type-page","status-publish","hentry"],"translation":{"provider":"WPGlobus","version":"3.0.2","language":"fr","enabled_languages":["en","es","fr"],"languages":{"en":{"title":true,"content":true,"excerpt":false},"es":{"title":true,"content":true,"excerpt":false},"fr":{"title":true,"content":true,"excerpt":false}}},"yoast_head":"<!-- This site is optimized with the Yoast SEO plugin v27.4 - https:\/\/yoast.com\/product\/yoast-seo-wordpress\/ -->\n<title>Acheter Diflucan 50, 150, 100 et 200 mg en ligne sans ordonnance en France<\/title>\n<meta name=\"description\" content=\"Achetez un diflucan 150 mg en ligne pour traiter les infections fongiques et assurez-vous que les sympt\u00f4mes sont clairs peu de temps apr\u00e8s avoir d\u00e9clar\u00e9 le traitement, en suivant soigneusement les instructions de votre m\u00e9decin.\" \/>\n<meta name=\"robots\" content=\"index, follow, max-snippet:-1, max-image-preview:large, max-video-preview:-1\" \/>\n<link rel=\"canonical\" href=\"https:\/\/drpillman.biz\/es\/diflucan.htm\" \/>\n<meta property=\"og:locale\" content=\"fr_FR\" \/>\n<meta property=\"og:type\" content=\"article\" \/>\n<meta property=\"og:title\" content=\"Acheter Diflucan 50, 150, 100 et 200 mg en ligne sans ordonnance en France\" \/>\n<meta property=\"og:description\" content=\"Achetez un diflucan 150 mg en ligne pour traiter les infections fongiques et assurez-vous que les sympt\u00f4mes sont clairs peu de temps apr\u00e8s avoir d\u00e9clar\u00e9 le traitement, en suivant soigneusement les instructions de votre m\u00e9decin.\" \/>\n<meta property=\"og:url\" content=\"https:\/\/drpillman.biz\/es\/diflucan.htm\" \/>\n<meta property=\"og:site_name\" content=\"Dr.Pillman\" \/>\n<meta property=\"article:modified_time\" content=\"2024-05-17T18:54:45+00:00\" \/>\n<meta name=\"twitter:card\" content=\"summary_large_image\" \/>\n<script type=\"application\/ld+json\" class=\"yoast-schema-graph\">{\"@context\":\"https:\\\/\\\/schema.org\",\"@graph\":[{\"@type\":\"WebPage\",\"@id\":\"https:\\\/\\\/drpillman.biz\\\/es\\\/diflucan.htm\",\"url\":\"https:\\\/\\\/drpillman.biz\\\/es\\\/diflucan.htm\",\"name\":\"Compre Diflucan 150 mg en l\u00ednea en una farmacia confiable y vea cu\u00e1nto dinero podr\u00eda ahorrar a largo plazo\",\"isPartOf\":{\"@id\":\"http:\\\/\\\/drpillman.biz\\\/#website\"},\"datePublished\":\"2013-05-09T04:03:43+00:00\",\"dateModified\":\"2024-05-17T18:54:45+00:00\",\"description\":\"Achetez un diflucan 150 mg en ligne pour traiter les infections fongiques et assurez-vous que les sympt\u00f4mes sont clairs peu de temps apr\u00e8s avoir d\u00e9clar\u00e9 le traitement, en suivant soigneusement les instructions de votre m\u00e9decin.\",\"breadcrumb\":{\"@id\":\"https:\\\/\\\/drpillman.biz\\\/es\\\/diflucan.htm#breadcrumb\"},\"inLanguage\":\"fr-FR\",\"potentialAction\":[{\"@type\":\"ReadAction\",\"target\":[\"https:\\\/\\\/drpillman.biz\\\/es\\\/diflucan.htm\"]}]},{\"@type\":\"BreadcrumbList\",\"@id\":\"https:\\\/\\\/drpillman.biz\\\/es\\\/diflucan.htm#breadcrumb\",\"itemListElement\":[{\"@type\":\"ListItem\",\"position\":1,\"name\":\"Home\",\"item\":\"http:\\\/\\\/drpillman.biz\\\/\"},{\"@type\":\"ListItem\",\"position\":2,\"name\":\"Diflucano\"}]},{\"@type\":\"WebSite\",\"@id\":\"http:\\\/\\\/drpillman.biz\\\/#website\",\"url\":\"http:\\\/\\\/drpillman.biz\\\/\",\"name\":\"Dr.Pillman\",\"description\":\"\",\"potentialAction\":[{\"@type\":\"SearchAction\",\"target\":{\"@type\":\"EntryPoint\",\"urlTemplate\":\"http:\\\/\\\/drpillman.biz\\\/?s={search_term_string}\"},\"query-input\":{\"@type\":\"PropertyValueSpecification\",\"valueRequired\":true,\"valueName\":\"search_term_string\"}}],\"inLanguage\":\"fr-FR\"}]}<\/script>\n<!-- \/ Yoast SEO plugin. -->","yoast_head_json":{"title":"Acheter Diflucan 50, 150, 100 et 200 mg en ligne sans ordonnance en France","description":"Achetez un diflucan 150 mg en ligne pour traiter les infections fongiques et assurez-vous que les sympt\u00f4mes sont clairs peu de temps apr\u00e8s avoir d\u00e9clar\u00e9 le traitement, en suivant soigneusement les instructions de votre m\u00e9decin.","robots":{"index":"index","follow":"follow","max-snippet":"max-snippet:-1","max-image-preview":"max-image-preview:large","max-video-preview":"max-video-preview:-1"},"canonical":"https:\/\/drpillman.biz\/es\/diflucan.htm","og_locale":"fr_FR","og_type":"article","og_title":"Acheter Diflucan 50, 150, 100 et 200 mg en ligne sans ordonnance en France","og_description":"Achetez un diflucan 150 mg en ligne pour traiter les infections fongiques et assurez-vous que les sympt\u00f4mes sont clairs peu de temps apr\u00e8s avoir d\u00e9clar\u00e9 le traitement, en suivant soigneusement les instructions de votre m\u00e9decin.","og_url":"https:\/\/drpillman.biz\/es\/diflucan.htm","og_site_name":"Dr.Pillman","article_modified_time":"2024-05-17T18:54:45+00:00","twitter_card":"summary_large_image","schema":{"@context":"https:\/\/schema.org","@graph":[{"@type":"WebPage","@id":"https:\/\/drpillman.biz\/es\/diflucan.htm","url":"https:\/\/drpillman.biz\/es\/diflucan.htm","name":"Compre Diflucan 150 mg en l\u00ednea en una farmacia confiable y vea cu\u00e1nto dinero podr\u00eda ahorrar a largo plazo","isPartOf":{"@id":"http:\/\/drpillman.biz\/#website"},"datePublished":"2013-05-09T04:03:43+00:00","dateModified":"2024-05-17T18:54:45+00:00","description":"Achetez un diflucan 150 mg en ligne pour traiter les infections fongiques et assurez-vous que les sympt\u00f4mes sont clairs peu de temps apr\u00e8s avoir d\u00e9clar\u00e9 le traitement, en suivant soigneusement les instructions de votre m\u00e9decin.","breadcrumb":{"@id":"https:\/\/drpillman.biz\/es\/diflucan.htm#breadcrumb"},"inLanguage":"fr-FR","potentialAction":[{"@type":"ReadAction","target":["https:\/\/drpillman.biz\/es\/diflucan.htm"]}]},{"@type":"BreadcrumbList","@id":"https:\/\/drpillman.biz\/es\/diflucan.htm#breadcrumb","itemListElement":[{"@type":"ListItem","position":1,"name":"Home","item":"http:\/\/drpillman.biz\/"},{"@type":"ListItem","position":2,"name":"Diflucano"}]},{"@type":"WebSite","@id":"http:\/\/drpillman.biz\/#website","url":"http:\/\/drpillman.biz\/","name":"Dr.Pillman","description":"","potentialAction":[{"@type":"SearchAction","target":{"@type":"EntryPoint","urlTemplate":"http:\/\/drpillman.biz\/?s={search_term_string}"},"query-input":{"@type":"PropertyValueSpecification","valueRequired":true,"valueName":"search_term_string"}}],"inLanguage":"fr-FR"}]}},"_links":{"self":[{"href":"https:\/\/drpillman.biz\/fr\/wp-json\/wp\/v2\/pages\/94","targetHints":{"allow":["GET"]}}],"collection":[{"href":"https:\/\/drpillman.biz\/fr\/wp-json\/wp\/v2\/pages"}],"about":[{"href":"https:\/\/drpillman.biz\/fr\/wp-json\/wp\/v2\/types\/page"}],"author":[{"embeddable":true,"href":"https:\/\/drpillman.biz\/fr\/wp-json\/wp\/v2\/users\/3"}],"replies":[{"embeddable":true,"href":"https:\/\/drpillman.biz\/fr\/wp-json\/wp\/v2\/comments?post=94"}],"version-history":[{"count":0,"href":"https:\/\/drpillman.biz\/fr\/wp-json\/wp\/v2\/pages\/94\/revisions"}],"wp:attachment":[{"href":"https:\/\/drpillman.biz\/fr\/wp-json\/wp\/v2\/media?parent=94"}],"curies":[{"name":"wp","href":"https:\/\/api.w.org\/{rel}","templated":true}]}}