{"id":97,"date":"2013-01-12T01:10:03","date_gmt":"2013-01-12T01:10:03","guid":{"rendered":"https:\/\/drpillman.biz\/?page_id=97"},"modified":"2024-05-18T09:55:56","modified_gmt":"2024-05-18T08:55:56","slug":"etoricoxib","status":"publish","type":"page","link":"https:\/\/drpillman.biz\/fr\/etoricoxib.htm","title":{"rendered":"\u00c9toricoxib"},"content":{"rendered":"<div id=\"content-center\">\n<div id=\"content-image\">\n\t\t\t\t\t<img decoding=\"async\" src=\"\/img\/Etoricoxib.jpg\" alt=\"Etoricoxib\">\t\t\t\t<\/div>\n<div id=\"content-description\">\n<h1>Etoricoxib<\/h1>\n<p> <code><a href=\"https:\/\/200pills.com\/search.html?lang=fr&#038;cur=EUR&#038;key=Etoricoxib\"> <button class=\"button-7\" role=\"button\">Cliquez ici pour acheter<\/button><\/a><\/code> <\/p>\n<div class=\"gray\"><\/div>\n<div class=\"clear\"><\/div>\n<div id=\"description\">\n\t\t\t\t\t\tEtoricoxib est un m\u00e9dicament g\u00e9n\u00e9rique fabriqu\u00e9 par Merck &amp; Co. et commercialis\u00e9 sous la marque Arcoxia dans plus de 70 pays dans le monde (y compris la marque Algix en Italie, Eto au Bangladesh et Nuvoxia en Inde). Il n&#8217;a pas encore \u00e9t\u00e9 approuv\u00e9 par la FDA am\u00e9ricaine, qui exige des fabricants des donn\u00e9es suppl\u00e9mentaires sur l&#8217;efficacit\u00e9 et la s\u00e9curit\u00e9 sanitaire avant de le commercialiser aux \u00c9tats-Unis. Les comprim\u00e9s d&#8217;Arcoxia sont reconnaissables \u00e0 leur forme triangulaire arrondie blanche, bleu clair ou verte et sont propos\u00e9s en 30 mg, 60 mg, 90 mg et 120 mg. Ils sont actuellement disponibles dans les pharmacies en ligne au Royaume-Uni, avec ou sans ordonnance.\t\t\t\t\t<\/div>\n<div id=\"additional\">\n\t\t\t\t\t\tSynonymes :<span> Arcoxia<\/span>\n\t\t\t\t\t<\/div>\n<\/p><\/div>\n<div class=\"clear\"><\/div>\n<h2>Indication<\/h2>\n<p>Le m\u00e9dicament est effectivement un analg\u00e9sique et est indiqu\u00e9 pour traiter la douleur et les sympt\u00f4mes inflammatoires associ\u00e9s \u00e0 la spondylarthrite ankylosante, \u00e0 l&#8217;arthrite psoriasique, \u00e0 l&#8217;arthrite rhumato\u00efde, \u00e0 l&#8217;arthrose et aux crises de goutte. Il est \u00e9galement prescrit pour soulager les douleurs aigu\u00ebs telles que les crampes avant ou pendant les r\u00e8gles, les lombalgies chroniques et les douleurs associ\u00e9es aux traitements dentaires. Mais ces indications peuvent varier d&#8217;un pays \u00e0 l&#8217;autre.<\/p>\n<h2>M\u00e9canisme d&#8217;action<\/h2>\n<p>L&#8217;\u00e9toricoxib appartient \u00e0 un groupe de m\u00e9dicaments appel\u00e9s Coxibs ou inhibiteurs de la COX-2. Il agit de la m\u00eame mani\u00e8re que la plupart des m\u00e9dicaments anti-inflammatoires traditionnels class\u00e9s comme AINS (anti-inflammatoires non st\u00e9ro\u00efdiens) en bloquant l&#8217;action ou la production de certaines substances connues pour \u00eatre \u00e0 l&#8217;origine de l&#8217;inflammation ou de la douleur. Il inhibe l&#8217;isoforme 2 de l&#8217;enzyme COX-2 (cyclo-oxig\u00e9nase) et r\u00e9duit la production de PG (prostaglandines) \u00e0 partir de l&#8217;acide archidonique. Il inhibe s\u00e9lectivement les enzymes COX-2 de mani\u00e8re plus significative que les enzymes COX-1 que les AINS traditionnels inhibent de mani\u00e8re non s\u00e9lective, ce qui explique ses effets secondaires moindres dans le tractus gastro-intestinal. Dans plusieurs tests cliniques, la marque Arcoxia a montr\u00e9 qu&#8217;elle pr\u00e9sentait moins de risques d&#8217;effets secondaires (saignements, ulc\u00e8res d&#8217;estomac, etc.) que les AINS. Il convient toutefois de noter que ses effets b\u00e9n\u00e9fiques sont annul\u00e9s en cas d&#8217;association avec l&#8217;aspirine.<\/p>\n<h2>Dosage<\/h2>\n<p>Le m\u00e9dicament est g\u00e9n\u00e9ralement pris une fois par jour avec ou sans nourriture et est bas\u00e9 sur la dose prescrite par votre m\u00e9decin pour traiter diff\u00e9rentes affections. Certains \u00e9tats de sant\u00e9 ou ant\u00e9c\u00e9dents m\u00e9dicaux n\u00e9cessitent une posologie diff\u00e9rente, qui d\u00e9pend \u00e9galement de l&#8217;\u00e2ge, du sexe et de l&#8217;utilisation de tout autre m\u00e9dicament susceptible d&#8217;interagir avec le m\u00e9dicament. C&#8217;est pourquoi. il est important que vous consultiez votre m\u00e9decin pour conna\u00eetre le bon dosage. Lorsqu&#8217;il est prescrit quotidiennement, il doit \u00eatre pris \u00e0 la m\u00eame heure de la journ\u00e9e. Une fois que vous connaissez la posologie et la dur\u00e9e du traitement, vous pouvez acheter 60 mg ou 90 mg d&#8217;\u00e9toricoxib dans n&#8217;importe quelle pharmacie en ligne du Royaume-Uni et b\u00e9n\u00e9ficier de remises pour les commandes en quantit\u00e9 unique pour toute la dur\u00e9e du traitement.<\/p>\n<h2>Effets secondaires<\/h2>\n<p>Les m\u00e9dicaments \u00e0 base d&#8217;\u00e9toricoxib peuvent provoquer une somnolence, un sommeil ou des vertiges. Par cons\u00e9quent, ne conduisez pas et n&#8217;utilisez pas de machines lourdes apr\u00e8s avoir pris ce m\u00e9dicament. Les autres effets secondaires comprennent des maux de t\u00eate l\u00e9gers, des naus\u00e9es, une dispepsie (indigestion), des sympt\u00f4mes grippaux, des br\u00fblures d&#8217;estomac et une g\u00eane gastrique, une l\u00e9g\u00e8re augmentation de la pression art\u00e9rielle, des palpitations cardiaques irr\u00e9guli\u00e8res et un gonflement des jambes et des pieds (\u0153d\u00e8me). Ces effets secondaires devraient dispara\u00eetre peu apr\u00e8s la prise du m\u00e9dicament, mais si l&#8217;un d&#8217;entre eux persiste, consultez imm\u00e9diatement votre m\u00e9decin ou votre pharmacien. Certains effets secondaires peu fr\u00e9quents mais graves comprennent la jaunisse (jaunissement de la peau et des yeux) indiquant un probl\u00e8me h\u00e9patique, des douleurs thoraciques, un essoufflement et des troubles intestinaux s\u00e9v\u00e8res ou prolong\u00e9s ou des selles noircies. En cas d&#8217;apparition de l&#8217;une de ces r\u00e9actions graves, consultez imm\u00e9diatement un m\u00e9decin.<\/p>\n<h2>Attention<\/h2>\n<p>Les m\u00e9dicaments \u00e0 base d&#8217;\u00e9toricoxib doivent \u00eatre pris avec pr\u00e9caution en cas d&#8217;infection, d&#8217;ant\u00e9c\u00e9dents d&#8217;accident vasculaire c\u00e9r\u00e9bral, d&#8217;ulc\u00e8res ou de saignements d&#8217;estomac, de maladie r\u00e9nale ou h\u00e9patique, de crise cardiaque ou d&#8217;autres affections cardiovasculaires, de diab\u00e8te, de d\u00e9shydratation due \u00e0 des vomissements ou \u00e0 une diarrh\u00e9e prolong\u00e9s, d&#8217;hypertension art\u00e9rielle, d&#8217;hypercholest\u00e9rol\u00e9mie ou de gonflement d\u00fb \u00e0 une r\u00e9tention d&#8217;eau. Les patients \u00e2g\u00e9s (65 ans et plus) et les fumeurs sont \u00e9galement mis en garde.<\/p>\n<p>Si vous prenez de l&#8217;aspirine pour soulager la douleur ou des AINS pour soulager les sympt\u00f4mes douloureux de l&#8217;inflammation, il est conseill\u00e9 de ne pas prendre Arcoxia ou tout autre m\u00e9dicament \u00e0 base d&#8217;\u00e9toricoxib. En outre, les patients souffrant d&#8217;allergies connues aux AINS, aux inhibiteurs de la COX-2 et \u00e0 l&#8217;aspirine ont tout int\u00e9r\u00eat \u00e0 ne pas prendre d&#8217;\u00e9toricoxib. Les femmes enceintes ou allaitantes et les enfants de moins de 16 ans ne doivent pas prendre ce m\u00e9dicament. Les patients souffrant d&#8217;hypertension non contr\u00f4l\u00e9e, de troubles inflammatoires de l&#8217;intestin tels que la colite ulc\u00e9reuse et la maladie de Crohn, ainsi que les patients souffrant de probl\u00e8mes cardiovasculaires ou ayant subi un pontage ne doivent pas prendre ce m\u00e9dicament. Consultez votre m\u00e9decin avant de prendre des m\u00e9dicaments \u00e0 base d&#8217;\u00e9toricoxib, m\u00eame s&#8217;ils peuvent \u00eatre achet\u00e9s en ligne sans ordonnance.<\/p>\n<\/p><\/div>\n<h2>La Qu\u00eate du Etoricoxib Sans Ordonnance en France : Un D\u00e9fi \u00e0 Surmonter<\/h2>\n<p>Est-il possible d&#8217;acqu\u00e9rir du Etoricoxib sans prescription m\u00e9dicale en France? Cette question titille l&#8217;esprit de nombreux patients en qu\u00eate de soulagement contre la douleur. Cependant, la r\u00e9ponse \u00e0 cette \u00e9nigme pharmaceutique n&#8217;est pas aussi simple qu&#8217;on pourrait le croire. La r\u00e9glementation stricte entourant la d\u00e9livrance de m\u00e9dicaments impose des limites strictes, faisant de l&#8217;achat de Etoricoxib sans ordonnance un exploit en soi.Dans le paysage pharmaceutique fran\u00e7ais, la disponibilit\u00e9 du Etoricoxib sans ordonnance est aussi rare qu&#8217;une \u00e9toile filante. Les lois rigoureuses r\u00e9gissant la vente de m\u00e9dicaments exigent une consultation m\u00e9dicale pr\u00e9alable pour obtenir ce puissant anti-inflammatoire non st\u00e9ro\u00efdien. Cette exigence, bien que frustrante pour certains, vise \u00e0 garantir la s\u00e9curit\u00e9 et le bien-\u00eatre des patients, en \u00e9vitant les risques potentiels associ\u00e9s \u00e0 une utilisation inappropri\u00e9e.Malgr\u00e9 les d\u00e9fis rencontr\u00e9s pour acqu\u00e9rir du Etoricoxib sans ordonnance, il existe des voies l\u00e9gales pour obtenir ce m\u00e9dicament vital. Les pharmacies en ligne agr\u00e9\u00e9es offrent parfois cette option, mais elle n\u00e9cessite souvent une consultation m\u00e9dicale en ligne, assurant ainsi une supervision professionnelle m\u00eame \u00e0 distance. Cependant, il est crucial de rester vigilant face aux contrefa\u00e7ons et aux sites non r\u00e9glement\u00e9s, qui peuvent mettre en danger la sant\u00e9 du consommateur.En conclusion, bien que la qu\u00eate du Etoricoxib sans ordonnance puisse sembler \u00eatre un d\u00e9fi insurmontable, il existe des avenues l\u00e9gales pour y parvenir. Cependant, ces chemins exigent une diligence raisonnable et une prudence extr\u00eame pour \u00e9viter les pi\u00e8ges potentiellement dangereux. La consultation m\u00e9dicale reste la pierre angulaire de toute d\u00e9marche visant \u00e0 obtenir ce m\u00e9dicament en France, garantissant ainsi une utilisation s\u00fbre et efficace pour soulager la douleur.<\/p>\n","protected":false},"excerpt":{"rendered":"<p>Etoricoxib Cliquez ici pour acheter Etoricoxib est un m\u00e9dicament g\u00e9n\u00e9rique fabriqu\u00e9 par Merck &amp; Co. et commercialis\u00e9 sous la marque<\/p>\n","protected":false},"author":3,"featured_media":0,"parent":0,"menu_order":0,"comment_status":"closed","ping_status":"closed","template":"","meta":{"_lmt_disableupdate":"no","_lmt_disable":"no","footnotes":""},"class_list":["post-97","page","type-page","status-publish","hentry"],"translation":{"provider":"WPGlobus","version":"3.0.2","language":"fr","enabled_languages":["en","es","fr"],"languages":{"en":{"title":true,"content":true,"excerpt":false},"es":{"title":true,"content":true,"excerpt":false},"fr":{"title":true,"content":true,"excerpt":false}}},"yoast_head":"<!-- This site is optimized with the Yoast SEO plugin v27.3 - https:\/\/yoast.com\/product\/yoast-seo-wordpress\/ -->\n<title>Acheter \u00c9toricoxib 60, 90 et 120 mg en ligne sans ordonnance en France<\/title>\n<meta name=\"description\" content=\"L&#039;\u00e9toricoxib est un m\u00e9dicament anti-inflammatoire non st\u00e9ro\u00efdal utilis\u00e9 pour des affections douloureuses comme l&#039;arthrite. Tout le monde peut acheter de l&#039;\u00e9toricoxib 60 mg ou 90 mg sur Internet pour rendre le traitement moins cher.\" \/>\n<meta name=\"robots\" content=\"index, follow, max-snippet:-1, max-image-preview:large, max-video-preview:-1\" \/>\n<link rel=\"canonical\" href=\"https:\/\/drpillman.biz\/fr\/etoricoxib.htm\" \/>\n<meta property=\"og:locale\" content=\"fr_FR\" \/>\n<meta property=\"og:type\" content=\"article\" \/>\n<meta property=\"og:title\" content=\"Acheter \u00c9toricoxib 60, 90 et 120 mg en ligne sans ordonnance en France\" \/>\n<meta property=\"og:description\" content=\"L&#039;\u00e9toricoxib est un m\u00e9dicament anti-inflammatoire non st\u00e9ro\u00efdal utilis\u00e9 pour des affections douloureuses comme l&#039;arthrite. Tout le monde peut acheter de l&#039;\u00e9toricoxib 60 mg ou 90 mg sur Internet pour rendre le traitement moins cher.\" \/>\n<meta property=\"og:url\" content=\"https:\/\/drpillman.biz\/fr\/etoricoxib.htm\" \/>\n<meta property=\"og:site_name\" content=\"Dr.Pillman\" \/>\n<meta property=\"article:modified_time\" content=\"2024-05-18T08:55:56+00:00\" \/>\n<meta name=\"twitter:card\" content=\"summary_large_image\" \/>\n<script type=\"application\/ld+json\" class=\"yoast-schema-graph\">{\"@context\":\"https:\\\/\\\/schema.org\",\"@graph\":[{\"@type\":\"WebPage\",\"@id\":\"https:\\\/\\\/drpillman.biz\\\/fr\\\/etoricoxib.htm\",\"url\":\"https:\\\/\\\/drpillman.biz\\\/fr\\\/etoricoxib.htm\",\"name\":\"Acheter \u00c9toricoxib 60, 90 et 120 mg en ligne sans ordonnance en France\",\"isPartOf\":{\"@id\":\"https:\\\/\\\/drpillman.biz\\\/fr\\\/#website\"},\"datePublished\":\"2013-01-12T01:10:03+00:00\",\"dateModified\":\"2024-05-18T08:55:56+00:00\",\"description\":\"L'\u00e9toricoxib est un m\u00e9dicament anti-inflammatoire non st\u00e9ro\u00efdal utilis\u00e9 pour des affections douloureuses comme l'arthrite. Tout le monde peut acheter de l'\u00e9toricoxib 60 mg ou 90 mg sur Internet pour rendre le traitement moins cher.\",\"breadcrumb\":{\"@id\":\"https:\\\/\\\/drpillman.biz\\\/fr\\\/etoricoxib.htm#breadcrumb\"},\"inLanguage\":\"fr-FR\",\"potentialAction\":[{\"@type\":\"ReadAction\",\"target\":[\"https:\\\/\\\/drpillman.biz\\\/fr\\\/etoricoxib.htm\"]}]},{\"@type\":\"BreadcrumbList\",\"@id\":\"https:\\\/\\\/drpillman.biz\\\/fr\\\/etoricoxib.htm#breadcrumb\",\"itemListElement\":[{\"@type\":\"ListItem\",\"position\":1,\"name\":\"Home\",\"item\":\"https:\\\/\\\/drpillman.biz\\\/fr\\\/\"},{\"@type\":\"ListItem\",\"position\":2,\"name\":\"\u00c9toricoxib\"}]},{\"@type\":\"WebSite\",\"@id\":\"https:\\\/\\\/drpillman.biz\\\/fr\\\/#website\",\"url\":\"https:\\\/\\\/drpillman.biz\\\/fr\\\/\",\"name\":\"Dr.Pillman\",\"description\":\"\",\"potentialAction\":[{\"@type\":\"SearchAction\",\"target\":{\"@type\":\"EntryPoint\",\"urlTemplate\":\"https:\\\/\\\/drpillman.biz\\\/fr\\\/?s={search_term_string}\"},\"query-input\":{\"@type\":\"PropertyValueSpecification\",\"valueRequired\":true,\"valueName\":\"search_term_string\"}}],\"inLanguage\":\"fr-FR\"}]}<\/script>\n<!-- \/ Yoast SEO plugin. -->","yoast_head_json":{"title":"Acheter \u00c9toricoxib 60, 90 et 120 mg en ligne sans ordonnance en France","description":"L'\u00e9toricoxib est un m\u00e9dicament anti-inflammatoire non st\u00e9ro\u00efdal utilis\u00e9 pour des affections douloureuses comme l'arthrite. Tout le monde peut acheter de l'\u00e9toricoxib 60 mg ou 90 mg sur Internet pour rendre le traitement moins cher.","robots":{"index":"index","follow":"follow","max-snippet":"max-snippet:-1","max-image-preview":"max-image-preview:large","max-video-preview":"max-video-preview:-1"},"canonical":"https:\/\/drpillman.biz\/fr\/etoricoxib.htm","og_locale":"fr_FR","og_type":"article","og_title":"Acheter \u00c9toricoxib 60, 90 et 120 mg en ligne sans ordonnance en France","og_description":"L'\u00e9toricoxib est un m\u00e9dicament anti-inflammatoire non st\u00e9ro\u00efdal utilis\u00e9 pour des affections douloureuses comme l'arthrite. Tout le monde peut acheter de l'\u00e9toricoxib 60 mg ou 90 mg sur Internet pour rendre le traitement moins cher.","og_url":"https:\/\/drpillman.biz\/fr\/etoricoxib.htm","og_site_name":"Dr.Pillman","article_modified_time":"2024-05-18T08:55:56+00:00","twitter_card":"summary_large_image","schema":{"@context":"https:\/\/schema.org","@graph":[{"@type":"WebPage","@id":"https:\/\/drpillman.biz\/fr\/etoricoxib.htm","url":"https:\/\/drpillman.biz\/fr\/etoricoxib.htm","name":"Acheter \u00c9toricoxib 60, 90 et 120 mg en ligne sans ordonnance en France","isPartOf":{"@id":"https:\/\/drpillman.biz\/fr\/#website"},"datePublished":"2013-01-12T01:10:03+00:00","dateModified":"2024-05-18T08:55:56+00:00","description":"L'\u00e9toricoxib est un m\u00e9dicament anti-inflammatoire non st\u00e9ro\u00efdal utilis\u00e9 pour des affections douloureuses comme l'arthrite. Tout le monde peut acheter de l'\u00e9toricoxib 60 mg ou 90 mg sur Internet pour rendre le traitement moins cher.","breadcrumb":{"@id":"https:\/\/drpillman.biz\/fr\/etoricoxib.htm#breadcrumb"},"inLanguage":"fr-FR","potentialAction":[{"@type":"ReadAction","target":["https:\/\/drpillman.biz\/fr\/etoricoxib.htm"]}]},{"@type":"BreadcrumbList","@id":"https:\/\/drpillman.biz\/fr\/etoricoxib.htm#breadcrumb","itemListElement":[{"@type":"ListItem","position":1,"name":"Home","item":"https:\/\/drpillman.biz\/fr\/"},{"@type":"ListItem","position":2,"name":"\u00c9toricoxib"}]},{"@type":"WebSite","@id":"https:\/\/drpillman.biz\/fr\/#website","url":"https:\/\/drpillman.biz\/fr\/","name":"Dr.Pillman","description":"","potentialAction":[{"@type":"SearchAction","target":{"@type":"EntryPoint","urlTemplate":"https:\/\/drpillman.biz\/fr\/?s={search_term_string}"},"query-input":{"@type":"PropertyValueSpecification","valueRequired":true,"valueName":"search_term_string"}}],"inLanguage":"fr-FR"}]}},"_links":{"self":[{"href":"https:\/\/drpillman.biz\/fr\/wp-json\/wp\/v2\/pages\/97","targetHints":{"allow":["GET"]}}],"collection":[{"href":"https:\/\/drpillman.biz\/fr\/wp-json\/wp\/v2\/pages"}],"about":[{"href":"https:\/\/drpillman.biz\/fr\/wp-json\/wp\/v2\/types\/page"}],"author":[{"embeddable":true,"href":"https:\/\/drpillman.biz\/fr\/wp-json\/wp\/v2\/users\/3"}],"replies":[{"embeddable":true,"href":"https:\/\/drpillman.biz\/fr\/wp-json\/wp\/v2\/comments?post=97"}],"version-history":[{"count":0,"href":"https:\/\/drpillman.biz\/fr\/wp-json\/wp\/v2\/pages\/97\/revisions"}],"wp:attachment":[{"href":"https:\/\/drpillman.biz\/fr\/wp-json\/wp\/v2\/media?parent=97"}],"curies":[{"name":"wp","href":"https:\/\/api.w.org\/{rel}","templated":true}]}}